{"id":7407,"date":"2024-01-15T06:23:04","date_gmt":"2024-01-15T06:23:04","guid":{"rendered":"https:\/\/kapwamarketing.com\/?page_id=7407"},"modified":"2024-01-15T06:24:38","modified_gmt":"2024-01-15T06:24:38","slug":"screaming-frog","status":"publish","type":"page","link":"https:\/\/kapwamarketing.com\/de\/wissen\/screaming-frog\/","title":{"rendered":"Screaming Frog"},"content":{"rendered":"<p>[et_pb_section fb_built=&#8220;1&#8243; _builder_version=&#8220;4.20.0&#8243; _module_preset=&#8220;default&#8220; global_colors_info=&#8220;{}&#8220; theme_builder_area=&#8220;post_content&#8220;][et_pb_row _builder_version=&#8220;4.23&#8243; _module_preset=&#8220;default&#8220; global_colors_info=&#8220;{}&#8220; theme_builder_area=&#8220;post_content&#8220;][et_pb_column type=&#8220;4_4&#8243; _builder_version=&#8220;4.23&#8243; _module_preset=&#8220;default&#8220; global_colors_info=&#8220;{}&#8220; theme_builder_area=&#8220;post_content&#8220;][et_pb_text _builder_version=&#8220;4.23&#8243; _module_preset=&#8220;default&#8220; hover_enabled=&#8220;0&#8243; global_colors_info=&#8220;{}&#8220; theme_builder_area=&#8220;post_content&#8220; sticky_enabled=&#8220;0&#8243;]<\/p>\n<h1>Screaming Frog (SEO Spider)<\/h1>\n<p>Der <a href=\"https:\/\/www.rato-digital.de\/tools\/screaming-frog\/\" target=\"_blank\" rel=\"noopener\">Screaming Frog<\/a> ist zweifellos ein herausragendes SEO-Tool, das in der Welt des Online-Marketings und der SEO-Branche einen festen Platz eingenommen hat. Diese Software wird weltweit von Fachleuten und Unternehmen gleicherma\u00dfen hoch gesch\u00e4tzt und gilt als unverzichtbare Ressource f\u00fcr umfassende SEO-Analysen und Website-Optimierungen. Insbesondere im Bereich der technischen SEO und Onpage-Optimierung hat der Screaming Frog SEO Spider seine Wirksamkeit unter Beweis gestellt. Mit seiner beeindruckenden Palette von Funktionen erm\u00f6glicht dieses Tool eine gr\u00fcndliche Analyse von Websites, um die SEO-Leistung zu verbessern und eine bessere Sichtbarkeit in den Suchmaschinenergebnissen zu erzielen.<\/p>\n<h2>Crawl- und Indexierungs-Analyse<\/h2>\n<p>Ein herausragendes Merkmal des Screaming Frog SEO Spider ist seine F\u00e4higkeit, eine umfassende Crawl-Analyse der Website durchzuf\u00fchren, die dem Vorgehen von Suchmaschinencrawlern \u00e4hnelt. Dabei werden s\u00e4mtliche Aspekte, von URLs \u00fcber Metadaten, Header-Tags bis hin zu internen und externen Links sowie Bildern und anderen wichtigen Elementen, erfasst. Diese gr\u00fcndliche Analyse der Indexierung ist entscheidend, um sicherzustellen, dass Suchmaschinen die richtigen Seiten der Website erfassen und indexieren. Der Screaming Frog SEO Spider bietet somit eine fundamentale Grundlage f\u00fcr eine optimierte Online-Pr\u00e4senz und effektive Suchmaschinenplatzierungen.[\/et_pb_text][\/et_pb_column][\/et_pb_row][et_pb_row _builder_version=&#8220;4.23&#8243; _module_preset=&#8220;default&#8220; global_colors_info=&#8220;{}&#8220; theme_builder_area=&#8220;post_content&#8220;][et_pb_column type=&#8220;4_4&#8243; _builder_version=&#8220;4.23&#8243; _module_preset=&#8220;default&#8220; global_colors_info=&#8220;{}&#8220; theme_builder_area=&#8220;post_content&#8220;][et_pb_image src=&#8220;https:\/\/kapwamarketing.com\/wp-content\/uploads\/2024\/01\/screaming-frog-seo-spider-1024&#215;758.png&#8220; alt=&#8220;Screaming Frog is one of the best SEO tools to analyze websites&#8220; title_text=&#8220;screaming-frog-seo-spider&#8220; align=&#8220;center&#8220; _builder_version=&#8220;4.23&#8243; _module_preset=&#8220;default&#8220; hover_enabled=&#8220;0&#8243; global_colors_info=&#8220;{}&#8220; theme_builder_area=&#8220;post_content&#8220; sticky_enabled=&#8220;0&#8243;][\/et_pb_image][\/et_pb_column][\/et_pb_row][et_pb_row _builder_version=&#8220;4.23&#8243; _module_preset=&#8220;default&#8220; global_colors_info=&#8220;{}&#8220; theme_builder_area=&#8220;post_content&#8220;][et_pb_column type=&#8220;4_4&#8243; _builder_version=&#8220;4.23&#8243; _module_preset=&#8220;default&#8220; global_colors_info=&#8220;{}&#8220; theme_builder_area=&#8220;post_content&#8220;][et_pb_text _builder_version=&#8220;4.23&#8243; _module_preset=&#8220;default&#8220; hover_enabled=&#8220;0&#8243; global_colors_info=&#8220;{}&#8220; theme_builder_area=&#8220;post_content&#8220; sticky_enabled=&#8220;0&#8243;]<\/p>\n<h2>On-Page-SEO-Analysen<\/h2>\n<p>Durch den Screaming Frog SEO Spider k\u00f6nnen Nutzer umfassende On-Page-Analysen durchf\u00fchren, um technische Probleme, doppelte Inhalte, fehlende Metadaten und andere SEO-spezifische Aspekte zu identifizieren. Dies unterst\u00fctzt die gezielte Optimierung von Title Tags, Meta-Beschreibungen und URL-Strukturen, wodurch die Suchmaschinenplatzierung und die Klickrate (CTR) verbessert werden k\u00f6nnen.<\/p>\n<h2>Link-Analyse und XML-Sitemap-Generierung<\/h2>\n<p>Mithilfe des Screaming Frog k\u00f6nnen interne und ausgehende Links \u00fcberpr\u00fcft werden. Idealerweise werden interne 301-Weiterleitungen und sowohl interne, als auch 404-Fehlerseiten angepasst bzw. Links auf 404-Seiten am besten gel\u00f6scht. <\/p>\n<p>Der Screaming Frog SEO Spider kann XML-Sitemaps f\u00fcr die Website generieren, die von Suchmaschinen verwendet werden, um die Seitenstruktur besser zu verstehen und zu indexieren. Die Sitemap-Erstellung erleichtert den Suchmaschinen das effiziente Crawlen der Website, was zu einer verbesserten Indexierung f\u00fchrt.<\/p>\n<h2>Benutzerfreundliche Benutzeroberfl\u00e4che und Integrationen<\/h2>\n<p>Mit einer benutzerfreundlichen und intuitiven Benutzeroberfl\u00e4che erm\u00f6glicht das Tool eine einfache Navigation und Nutzung. Zudem bietet es Integrationen mit Google Analytics und Google Search Console, um wertvolle Einblicke in das Besucherverhalten und die Leistung der Website zu gewinnen.<\/p>\n<p>Der Screaming Frog SEO Spider ist eine unverzichtbare Ressource f\u00fcr SEO-Experten und Marketer, die das volle Potenzial ihrer Website aussch\u00f6pfen m\u00f6chten. Mit seiner umfangreichen Funktionalit\u00e4t erm\u00f6glicht das Tool eine detaillierte Analyse der Website, um technische Probleme zu beheben, Inhalte zu optimieren und das Ranking in den Suchmaschinen zu verbessern. Egal ob es sich um kleine Unternehmens-Websites oder um gro\u00dfe E-Commerce-Plattformen handelt, der Screaming Frog SEO Spider bietet eine leistungsstarke L\u00f6sung f\u00fcr umfassende SEO-Analysen und effektive Website-Optimierungen.[\/et_pb_text][et_pb_text _builder_version=&#8220;4.20.0&#8243; _module_preset=&#8220;default&#8220; global_colors_info=&#8220;{}&#8220; global_module=&#8220;7074&#8243; theme_builder_area=&#8220;post_content&#8220;]<\/p>\n<p>Bisher haben wir Artikel zu <a href=\"\/de\/wissen\/bounce-rate\/\">Absprungrate (Bounce Rate)<\/a>, <a href=\"\/de\/wissen\/conversion-rate-optimization\/\">Conversion Rate Optimization (CRO)<\/a>, <a href=\"\/de\/wissen\/google-analytics\/\">Google Analytics<\/a> , <a href=\"\/de\/wissen\/google-search-console\/\">Google Search Console<\/a> geschrieben.<\/p>\n<p>[\/et_pb_text][\/et_pb_column][\/et_pb_row][\/et_pb_section]<\/p>\n","protected":false},"excerpt":{"rendered":"<p>Screaming Frog (SEO Spider) Der Screaming Frog ist zweifellos ein herausragendes SEO-Tool, das in der Welt des Online-Marketings und der SEO-Branche einen festen Platz eingenommen hat. Diese Software wird weltweit von Fachleuten und Unternehmen gleicherma\u00dfen hoch gesch\u00e4tzt und gilt als unverzichtbare Ressource f\u00fcr umfassende SEO-Analysen und Website-Optimierungen. Insbesondere im Bereich der technischen SEO und Onpage-Optimierung [&hellip;]<\/p>\n","protected":false},"author":8,"featured_media":0,"parent":6989,"menu_order":0,"comment_status":"closed","ping_status":"closed","template":"","meta":{"_et_pb_use_builder":"on","_et_pb_old_content":"","_et_gb_content_width":"","footnotes":""},"class_list":["post-7407","page","type-page","status-publish","hentry"],"_links":{"self":[{"href":"https:\/\/kapwamarketing.com\/de\/wp-json\/wp\/v2\/pages\/7407","targetHints":{"allow":["GET"]}}],"collection":[{"href":"https:\/\/kapwamarketing.com\/de\/wp-json\/wp\/v2\/pages"}],"about":[{"href":"https:\/\/kapwamarketing.com\/de\/wp-json\/wp\/v2\/types\/page"}],"author":[{"embeddable":true,"href":"https:\/\/kapwamarketing.com\/de\/wp-json\/wp\/v2\/users\/8"}],"replies":[{"embeddable":true,"href":"https:\/\/kapwamarketing.com\/de\/wp-json\/wp\/v2\/comments?post=7407"}],"version-history":[{"count":4,"href":"https:\/\/kapwamarketing.com\/de\/wp-json\/wp\/v2\/pages\/7407\/revisions"}],"predecessor-version":[{"id":7415,"href":"https:\/\/kapwamarketing.com\/de\/wp-json\/wp\/v2\/pages\/7407\/revisions\/7415"}],"up":[{"embeddable":true,"href":"https:\/\/kapwamarketing.com\/de\/wp-json\/wp\/v2\/pages\/6989"}],"wp:attachment":[{"href":"https:\/\/kapwamarketing.com\/de\/wp-json\/wp\/v2\/media?parent=7407"}],"curies":[{"name":"wp","href":"https:\/\/api.w.org\/{rel}","templated":true}]}}