{"id":7191,"date":"2023-08-19T08:00:09","date_gmt":"2023-08-19T08:00:09","guid":{"rendered":"https:\/\/kapwamarketing.com\/?page_id=7191"},"modified":"2025-08-17T09:39:49","modified_gmt":"2025-08-17T09:39:49","slug":"bounce-rate","status":"publish","type":"page","link":"https:\/\/kapwamarketing.com\/de\/wissen\/bounce-rate\/","title":{"rendered":"Absprungrate"},"content":{"rendered":"<p>[et_pb_section fb_built=&#8220;1&#8243; _builder_version=&#8220;4.20.0&#8243; _module_preset=&#8220;default&#8220; global_colors_info=&#8220;{}&#8220;][et_pb_row _builder_version=&#8220;4.20.0&#8243; _module_preset=&#8220;default&#8220; global_colors_info=&#8220;{}&#8220;][et_pb_column type=&#8220;4_4&#8243; _builder_version=&#8220;4.20.0&#8243; _module_preset=&#8220;default&#8220; global_colors_info=&#8220;{}&#8220;][et_pb_text _builder_version=&#8220;4.27.4&#8243; _module_preset=&#8220;default&#8220; hover_enabled=&#8220;0&#8243; global_colors_info=&#8220;{}&#8220; sticky_enabled=&#8220;0&#8243;]<\/p>\n<h1>Absprungrate (Bounce Rate)<\/h1>\n<p><em><strong>&#8222;Warum ist meine Absprungrate so hoch?&#8220;<\/strong><\/em><\/p>\n<p>Diese h\u00e4ufig gestellte Frage hallt \u00fcber verschiedene soziale Nachrichten-Websites, Online-Foren und verschiedene soziale Medienplattformen wider und ist wahrscheinlich auch in Ihrem Kopf aufgetaucht. Tats\u00e4chlich k\u00f6nnte es genau das sein, was Sie dazu gebracht hat, diesen Artikel zu entdecken.<\/p>\n<p>Aber keine Sorge, es gibt keine &#8222;perfekte&#8220; Absprungrate.<\/p>\n<h2>Eine \u00fcberm\u00e4\u00dfig hohe Absprungrate ist jedoch auch nicht w\u00fcnschenswert.<\/h2>\n<p>Lesen Sie weiter, um die m\u00f6glichen Gr\u00fcnde f\u00fcr Ihre hohe Absprungrate zu entdecken und praktische Tipps zu erhalten, um Ihre Website fesselnder und relevanter f\u00fcr Ihr Publikum zu gestalten.<\/p>\n<h2>Was ist die Absprungrate?<\/h2>\n<p>Die <strong>Absprungrate<\/strong> ist eine entscheidende Metrik im Bereich der Suchmaschinenoptimierung (<a href=\"\/de\/category\/seo\/\">SEO<\/a>), die den Prozentsatz der Besucher misst, die auf einer Webseite landen und dann ohne Interaktion mit einer anderen Seite oder einem anderen Element auf der Website gehen. Mit anderen Worten, sie &#8222;springen&#8220; zur\u00fcck zu den Suchergebnissen oder schlie\u00dfen das Tab\/Fenster, nachdem sie nur eine Seite angesehen haben. Eine hohe Absprungrate kann ein Anzeichen daf\u00fcr sein, dass die Besucher nicht das finden, wonach sie suchen, oder dass der Inhalt der Webseite nicht ausreichend ansprechend ist, um ihr Interesse zu wecken.<\/p>\n<p style=\"text-align: center;\"><img decoding=\"async\" src=\"https:\/\/kapwamarketing.com\/wp-content\/uploads\/2023\/08\/bounce-rate.png\" width=\"900\" height=\"500\" alt=\"bounce rate\" class=\"wp-image-7178 alignnone size-full\" \/><\/p>\n<h2>Warum ist die Absprungrate in der SEO wichtig?<\/h2>\n<p>Suchmaschinen wie Google betrachten die Absprungrate als einen der Faktoren bei der Bewertung der Benutzererfahrung und der Gesamtqualit\u00e4t einer Website. Eine hohe Absprungrate deutet darauf hin, dass Ihr Inhalt m\u00f6glicherweise nicht relevant oder wertvoll f\u00fcr die Benutzer ist, was sich negativ auf das Suchmaschinenranking Ihrer Website auswirken kann. Andererseits impliziert eine niedrige Absprungrate, dass die Besucher Wert in Ihrem Inhalt finden und eher dazu neigen, sich weiter zu engagieren, was f\u00fcr die SEO von Vorteil sein kann.<\/p>\n<h2>Wie man eine hohe Absprungrate angeht<\/h2>\n<p>Wenn Sie das Suchmaschinenranking Ihrer Website verbessern m\u00f6chten, m\u00fcssen Sie lernen, wie Sie Ihre Absprungrate senken k\u00f6nnen. Schauen wir uns einige Techniken an, die Ihre Absprungrate erheblich verringern k\u00f6nnen.<\/p>\n<h3>Relevanz und Qualit\u00e4t des Inhalts<\/h3>\n<p>Analysieren Sie die Seiten mit hoher Absprungrate, um potenzielle Probleme mit Ihrem <a href=\"\/de\/category\/content-marketing-de\/\">Inhalt<\/a> zu identifizieren. Stellen Sie sicher, dass Ihr Inhalt relevant, informativ ist und der Suchabsicht Ihrer Benutzer entspricht. Dar\u00fcber hinaus k\u00f6nnen schlecht geschriebene oder veraltete Inhalte zu h\u00f6heren Absprungraten f\u00fchren, daher ist es wichtig, diese regelm\u00e4\u00dfig zu aktualisieren.<\/p>\n<h3>Seitenaufbau<\/h3>\n<p>Langsam ladende Seiten k\u00f6nnen Besucher frustrieren und die Absprungraten erh\u00f6hen. Optimieren Sie die Leistung Ihrer Website, um sicherzustellen, dass Seiten sowohl auf Desktop- als auch auf Mobilger\u00e4ten schnell geladen werden. Komprimieren Sie gro\u00dfe Bilder, nutzen Sie Browser-Caching und verwenden Sie Content Delivery Networks (CDNs), um die Ladezeiten zu verbessern.<\/p>\n<h3>Mobile Optimierung<\/h3>\n<p>Da ein gro\u00dfer Teil der Internetnutzer Websites auf mobilen Ger\u00e4ten aufruft, ist es entscheidend, eine mobile freundliche Website zu haben. Ein responsives Design, das sich an verschiedene Bildschirmgr\u00f6\u00dfen anpasst, verbessert die Benutzererfahrung und hilft, die Absprungraten auf Mobilger\u00e4ten zu reduzieren.<\/p>\n<h3>Klare Handlungsaufforderung (Call-to-Action, CTA)<\/h3>\n<p>Stellen Sie sicher, dass jede Seite eine klare und \u00fcberzeugende Handlungsaufforderung (CTA) hat, die die Besucher dazu bringt, die gew\u00fcnschte Aktion zu ergreifen, sei es das Anmelden f\u00fcr einen Newsletter, ein Kauf oder das Erkunden anderer relevanter Seiten auf Ihrer Website.<\/p>\n<h3>Benutzerfreundliche Navigation<\/h3>\n<p>Eine effektive M\u00f6glichkeit, eine hohe Absprungrate zu beheben, besteht darin, sicherzustellen, dass die Navigation Ihrer Website intuitiv und benutzerfreundlich ist. Die Menschen sollten in der Lage sein, die Informationen zu finden, die sie ben\u00f6tigen, ohne sich zu verirren oder verwirrt zu werden. Eine gut strukturierte Website ermutigt die Benutzer, weiter zu erkunden und somit die Absprungraten zu reduzieren.<\/p>\n<h3>Externe Link-Qualit\u00e4t<\/h3>\n<p>\u00dcberpr\u00fcfen Sie die externen Links, die zu Ihrer Website f\u00fchren. Wenn die Besucher von Quellen kommen, die nicht relevant f\u00fcr Ihren Inhalt sind, verlassen sie die Seite m\u00f6glicherweise schnell, was die Absprungraten erh\u00f6ht. Denken Sie daran, sich auf Backlinks von autoritativen und relevanten Websites zu konzentrieren.<\/p>\n<h3>Verbesserung der Meta-Beschreibungen<\/h3>\n<p>Eine ansprechende und genaue Meta-Beschreibung kann die Klickrate von Suchmaschinenergebnisseiten (SERPs) verbessern. Wenn die Menschen sehen, dass Ihre Seite ihren Erwartungen entspricht, bleiben sie eher und erkunden weiter.<\/p>\n<h3>Keyword-Targeting und Absicht<\/h3>\n<p>Stellen Sie sicher, dass Ihr Inhalt mit den von Ihnen angezielten Keywords \u00fcbereinstimmt. Analysieren Sie Suchanfragen und verstehen Sie die Benutzerabsicht, um Inhalte bereitzustellen, die genau ihren Bed\u00fcrfnissen entsprechen.<\/p>\n<h3>A\/B-Tests<\/h3>\n<p>F\u00fchren Sie A\/B-Tests an verschiedenen Elementen Ihrer Webseiten durch, wie \u00dcberschriften, Bilder und CTA-Schaltfl\u00e4chen, um herauszufinden, was am besten bei Ihrem Publikum ankommt und sie engagiert.<\/p>\n<h3>Optimierung der Landing Pages<\/h3>\n<p>F\u00fcr bestimmte Landing Pages, wie die von Werbekampagnen, sollten Sie sicherstellen, dass der Inhalt der Anzeige und der Landing Page \u00fcbereinstimmen. Diese Konsistenz reduziert die Wahrscheinlichkeit, dass Benutzer sofort abspringen.<\/p>\n<p>Beachten Sie jedoch, dass die Absprungrate im Kontext betrachtet werden sollte. Einige Seiten, wie Blogbeitr\u00e4ge oder einzelne informative Inhalte, k\u00f6nnen naturgem\u00e4\u00df eine h\u00f6here Absprungrate haben. F\u00fcr transaktions- oder konversionsorientierte Seiten kann jedoch eine hohe Absprungrate ein Hauptanliegen sein.<\/p>\n<p>Durch kontinuierliche \u00dcberwachung der Absprungraten und Umset<\/p>\n<p>[\/et_pb_text][\/et_pb_column][\/et_pb_row][et_pb_row _builder_version=&#8220;4.20.0&#8243; _module_preset=&#8220;default&#8220; global_colors_info=&#8220;{}&#8220;][et_pb_column type=&#8220;4_4&#8243; _builder_version=&#8220;4.20.0&#8243; _module_preset=&#8220;default&#8220; global_colors_info=&#8220;{}&#8220;][et_pb_text _builder_version=&#8220;4.20.0&#8243; _module_preset=&#8220;default&#8220; global_module=&#8220;7074&#8243; global_colors_info=&#8220;{}&#8220;]<\/p>\n<p>Bisher haben wir Artikel zu <a href=\"\/de\/wissen\/bounce-rate\/\">Absprungrate (Bounce Rate)<\/a>, <a href=\"\/de\/wissen\/conversion-rate-optimization\/\">Conversion Rate Optimization (CRO)<\/a>, <a href=\"\/de\/wissen\/google-analytics\/\">Google Analytics<\/a> , <a href=\"\/de\/wissen\/google-search-console\/\">Google Search Console<\/a> geschrieben.<\/p>\n<p>[\/et_pb_text][\/et_pb_column][\/et_pb_row][\/et_pb_section]<\/p>\n","protected":false},"excerpt":{"rendered":"<p>Absprungrate (Bounce Rate) &#8222;Warum ist meine Absprungrate so hoch?&#8220; Diese h\u00e4ufig gestellte Frage hallt \u00fcber verschiedene soziale Nachrichten-Websites, Online-Foren und verschiedene soziale Medienplattformen wider und ist wahrscheinlich auch in Ihrem Kopf aufgetaucht. Tats\u00e4chlich k\u00f6nnte es genau das sein, was Sie dazu gebracht hat, diesen Artikel zu entdecken. Aber keine Sorge, es gibt keine &#8222;perfekte&#8220; Absprungrate. [&hellip;]<\/p>\n","protected":false},"author":8,"featured_media":0,"parent":6989,"menu_order":0,"comment_status":"closed","ping_status":"closed","template":"","meta":{"_et_pb_use_builder":"on","_et_pb_old_content":"","_et_gb_content_width":"","footnotes":""},"class_list":["post-7191","page","type-page","status-publish","hentry"],"_links":{"self":[{"href":"https:\/\/kapwamarketing.com\/de\/wp-json\/wp\/v2\/pages\/7191","targetHints":{"allow":["GET"]}}],"collection":[{"href":"https:\/\/kapwamarketing.com\/de\/wp-json\/wp\/v2\/pages"}],"about":[{"href":"https:\/\/kapwamarketing.com\/de\/wp-json\/wp\/v2\/types\/page"}],"author":[{"embeddable":true,"href":"https:\/\/kapwamarketing.com\/de\/wp-json\/wp\/v2\/users\/8"}],"replies":[{"embeddable":true,"href":"https:\/\/kapwamarketing.com\/de\/wp-json\/wp\/v2\/comments?post=7191"}],"version-history":[{"count":9,"href":"https:\/\/kapwamarketing.com\/de\/wp-json\/wp\/v2\/pages\/7191\/revisions"}],"predecessor-version":[{"id":8832,"href":"https:\/\/kapwamarketing.com\/de\/wp-json\/wp\/v2\/pages\/7191\/revisions\/8832"}],"up":[{"embeddable":true,"href":"https:\/\/kapwamarketing.com\/de\/wp-json\/wp\/v2\/pages\/6989"}],"wp:attachment":[{"href":"https:\/\/kapwamarketing.com\/de\/wp-json\/wp\/v2\/media?parent=7191"}],"curies":[{"name":"wp","href":"https:\/\/api.w.org\/{rel}","templated":true}]}}