{"id":7015,"date":"2023-07-17T05:32:16","date_gmt":"2023-07-17T05:32:16","guid":{"rendered":"https:\/\/kapwamarketing.com\/?page_id=7015"},"modified":"2025-08-20T06:30:18","modified_gmt":"2025-08-20T06:30:18","slug":"google-search-console","status":"publish","type":"page","link":"https:\/\/kapwamarketing.com\/de\/wissen\/google-search-console\/","title":{"rendered":"Google Search Console"},"content":{"rendered":"<p>[et_pb_section fb_built=&#8220;1&#8243; _builder_version=&#8220;4.20.0&#8243; _module_preset=&#8220;default&#8220; global_colors_info=&#8220;{}&#8220;][et_pb_row _builder_version=&#8220;4.20.0&#8243; _module_preset=&#8220;default&#8220; global_colors_info=&#8220;{}&#8220;][et_pb_column type=&#8220;4_4&#8243; _builder_version=&#8220;4.20.0&#8243; _module_preset=&#8220;default&#8220; global_colors_info=&#8220;{}&#8220;][et_pb_text _builder_version=&#8220;4.27.4&#8243; _module_preset=&#8220;default&#8220; hover_enabled=&#8220;0&#8243; global_colors_info=&#8220;{}&#8220; sticky_enabled=&#8220;0&#8243;]<\/p>\n<h1>Google Search Console<\/h1>\n<p>Die Google Search Console ist ein kostenloses Webmaster-Tool, das von Google bereitgestellt wird. Es bietet Website-Besitzern und Webmastern eine Vielzahl von Funktionen, um ihre Website in den Google-Suchergebnissen besser zu verstehen und zu optimieren.<\/p>\n<p>Die Google Search Console erm\u00f6glicht es Website-Betreibern, folgende Aktivit\u00e4ten durchzuf\u00fchren:<\/p>\n<ul>\n<li><strong>\u00dcberwachung der Website-Performance<\/strong>: Die Search Console bietet Einblicke in die Sichtbarkeit einer Website in den Google-Suchergebnissen. Sie k\u00f6nnen Daten \u00fcber Impressions (Einblendungen), Klicks, durchschnittliche Position in den Suchergebnissen und die <strong>Klickrate (CTR)<\/strong> anzeigen. Diese Informationen helfen dabei, die Performance einer Website im Laufe der Zeit zu verfolgen und zu analysieren.<\/li>\n<li><strong>Indexierungsstatus \u00fcberpr\u00fcfen<\/strong>: Sie k\u00f6nnen \u00fcberpr\u00fcfen, ob Google Ihre Website erfolgreich indexiert hat und ob Probleme beim Crawlen und Indexieren auftreten. Die Search Console zeigt Informationen \u00fcber indexierte Seiten, blockierte Ressourcen, Sitemaps und Crawling-Fehler an.<\/li>\n<\/ul>\n<div id=\"attachment_7018\" style=\"width: 1034px\" class=\"wp-caption aligncenter\"><img decoding=\"async\" aria-describedby=\"caption-attachment-7018\" src=\"https:\/\/kapwamarketing.com\/wp-content\/uploads\/2023\/07\/url-inspection-google-search-console-1024x456.png\" width=\"1024\" height=\"456\" alt=\"url inspection google search console\" class=\"wp-image-7018 size-large\" srcset=\"https:\/\/kapwamarketing.com\/wp-content\/uploads\/2023\/07\/url-inspection-google-search-console-980x437.png 980w, https:\/\/kapwamarketing.com\/wp-content\/uploads\/2023\/07\/url-inspection-google-search-console-480x214.png 480w\" sizes=\"(min-width: 0px) and (max-width: 480px) 480px, (min-width: 481px) and (max-width: 980px) 980px, (min-width: 981px) 1024px, 100vw\" \/><p id=\"caption-attachment-7018\" class=\"wp-caption-text\"><em>\u00dcber die Google Search Console (GSC) k\u00f6nnen bisher nicht indexierte Seiten zu Google hinzugef\u00fcgt werden<\/em><\/p><\/div>\n<ul>\n<li><strong>Fehlerbehebung<\/strong>: Die Search Console benachrichtigt Sie \u00fcber potenzielle Probleme auf Ihrer Website, wie beispielsweise Serverfehler, Crawling-Fehler, Probleme mit strukturierten Daten oder Sicherheitsprobleme. Sie erhalten auch Vorschl\u00e4ge zur Behebung dieser Probleme, um sicherzustellen, dass Ihre Website ordnungsgem\u00e4\u00df funktioniert.<\/li>\n<li><strong>Verbesserung der Suchergebnisse<\/strong>: Sie k\u00f6nnen Daten zu den Suchanfragen anzeigen, f\u00fcr die Ihre Website in den Suchergebnissen erscheint, sowie die Klickrate und die durchschnittliche Position f\u00fcr diese Anfragen. Diese Informationen helfen Ihnen dabei, Ihre Inhalte zu optimieren, um die Sichtbarkeit und den Traffic Ihrer Website zu erh\u00f6hen.<\/li>\n<li><strong>Sitemaps einreichen<\/strong>: Sie k\u00f6nnen eine XML-Sitemap Ihrer Website in der Search Console einreichen, um Google beim Crawlen und Indexieren Ihrer Seiten zu unterst\u00fctzen. Dadurch k\u00f6nnen Sie sicherstellen, dass Ihre Inhalte schnell und vollst\u00e4ndig von Google erfasst werden.<\/li>\n<\/ul>\n<p>Die Google Search Console ist ein wertvolles Werkzeug f\u00fcr Website-Betreiber, um die Leistung ihrer Website in den Google-Suchergebnissen zu verbessern, technische Probleme zu identifizieren und zu beheben sowie allgemeine Einblicke in den Traffic und die Sichtbarkeit ihrer Website zu erhalten.<\/p>\n<p>[\/et_pb_text][et_pb_text _builder_version=&#8220;4.20.0&#8243; _module_preset=&#8220;default&#8220; saved_tabs=&#8220;all&#8220; global_colors_info=&#8220;{}&#8220;]<\/p>\n<p>In unserer Wissens-Datenbank werden (k\u00fcnftig) auch Backlinks, <a href=\"\/de\/wissen\/google-analytics\/\">Google Analytics<\/a>, <a href=\"\/de\/wissen\/google-search-console\/\">Google Search Console (GSC)<\/a> und weitere Themen durch einf\u00fchrende Artikel vorgestellt.<\/p>\n<p>[\/et_pb_text][\/et_pb_column][\/et_pb_row][\/et_pb_section]<\/p>\n","protected":false},"excerpt":{"rendered":"<p>Google Search Console Die Google Search Console ist ein kostenloses Webmaster-Tool, das von Google bereitgestellt wird. Es bietet Website-Besitzern und Webmastern eine Vielzahl von Funktionen, um ihre Website in den Google-Suchergebnissen besser zu verstehen und zu optimieren. Die Google Search Console erm\u00f6glicht es Website-Betreibern, folgende Aktivit\u00e4ten durchzuf\u00fchren: \u00dcberwachung der Website-Performance: Die Search Console bietet Einblicke [&hellip;]<\/p>\n","protected":false},"author":8,"featured_media":0,"parent":6989,"menu_order":0,"comment_status":"closed","ping_status":"closed","template":"","meta":{"_et_pb_use_builder":"on","_et_pb_old_content":"","_et_gb_content_width":"","footnotes":""},"class_list":["post-7015","page","type-page","status-publish","hentry"],"_links":{"self":[{"href":"https:\/\/kapwamarketing.com\/de\/wp-json\/wp\/v2\/pages\/7015","targetHints":{"allow":["GET"]}}],"collection":[{"href":"https:\/\/kapwamarketing.com\/de\/wp-json\/wp\/v2\/pages"}],"about":[{"href":"https:\/\/kapwamarketing.com\/de\/wp-json\/wp\/v2\/types\/page"}],"author":[{"embeddable":true,"href":"https:\/\/kapwamarketing.com\/de\/wp-json\/wp\/v2\/users\/8"}],"replies":[{"embeddable":true,"href":"https:\/\/kapwamarketing.com\/de\/wp-json\/wp\/v2\/comments?post=7015"}],"version-history":[{"count":6,"href":"https:\/\/kapwamarketing.com\/de\/wp-json\/wp\/v2\/pages\/7015\/revisions"}],"predecessor-version":[{"id":8885,"href":"https:\/\/kapwamarketing.com\/de\/wp-json\/wp\/v2\/pages\/7015\/revisions\/8885"}],"up":[{"embeddable":true,"href":"https:\/\/kapwamarketing.com\/de\/wp-json\/wp\/v2\/pages\/6989"}],"wp:attachment":[{"href":"https:\/\/kapwamarketing.com\/de\/wp-json\/wp\/v2\/media?parent=7015"}],"curies":[{"name":"wp","href":"https:\/\/api.w.org\/{rel}","templated":true}]}}