{"id":6991,"date":"2023-07-17T00:41:56","date_gmt":"2023-07-17T00:41:56","guid":{"rendered":"https:\/\/kapwamarketing.com\/?page_id=6991"},"modified":"2025-08-17T09:37:30","modified_gmt":"2025-08-17T09:37:30","slug":"google-analytics","status":"publish","type":"page","link":"https:\/\/kapwamarketing.com\/de\/wissen\/google-analytics\/","title":{"rendered":"Google Analytics"},"content":{"rendered":"<p>[et_pb_section fb_built=&#8220;1&#8243; _builder_version=&#8220;4.20.0&#8243; _module_preset=&#8220;default&#8220; global_colors_info=&#8220;{}&#8220;][et_pb_row _builder_version=&#8220;4.20.0&#8243; _module_preset=&#8220;default&#8220; global_colors_info=&#8220;{}&#8220;][et_pb_column type=&#8220;4_4&#8243; _builder_version=&#8220;4.20.0&#8243; _module_preset=&#8220;default&#8220; global_colors_info=&#8220;{}&#8220;][et_pb_text _builder_version=&#8220;4.27.4&#8243; _module_preset=&#8220;default&#8220; hover_enabled=&#8220;0&#8243; global_colors_info=&#8220;{}&#8220; sticky_enabled=&#8220;0&#8243;]<\/p>\n<h1>Google Analytics<\/h1>\n<p>Google Analytics ist ein Web-Analyse-Service, der von Google bereitgestellt wird und es Website-Besitzern und Vermarktern erm\u00f6glicht, verschiedene Aspekte der Leistung ihrer Website zu verfolgen und zu analysieren. Es liefert wertvolle Einblicke in das Besucherverhalten, demografische Daten, Traffic-Quellen und mehr.<\/p>\n<p>Mit Google Analytics k\u00f6nnen Websitebesitzer ein tieferes Verst\u00e4ndnis dar\u00fcber gewinnen, wie Benutzer mit ihrer Website interagieren, welche Seiten am beliebtesten sind, wie lange Besucher auf jeder Seite bleiben und welche Wege sie durch die Website nehmen. Dar\u00fcber hinaus werden Informationen zu demografischen Merkmalen der Benutzer bereitgestellt, z. B. Standort, Sprache und Ger\u00e4t, mit dem sie auf die Website zugreifen.<\/p>\n<div id=\"attachment_7002\" style=\"width: 1034px\" class=\"wp-caption aligncenter\"><img decoding=\"async\" aria-describedby=\"caption-attachment-7002\" src=\"https:\/\/kapwamarketing.com\/wp-content\/uploads\/2023\/07\/google-analytics-1024x563.png\" width=\"1024\" height=\"563\" alt=\"google analytics\" class=\"wp-image-7002 size-large\" srcset=\"https:\/\/kapwamarketing.com\/wp-content\/uploads\/2023\/07\/google-analytics-980x539.png 980w, https:\/\/kapwamarketing.com\/wp-content\/uploads\/2023\/07\/google-analytics-480x264.png 480w\" sizes=\"(min-width: 0px) and (max-width: 480px) 480px, (min-width: 481px) and (max-width: 980px) 980px, (min-width: 981px) 1024px, 100vw\" \/><p id=\"caption-attachment-7002\" class=\"wp-caption-text\">Auch bei Kapwa Marketing verwenden wir Google Analytics als unsere bevorzugte Webtracking-Software.<\/p><\/div>\n<h2>Bessere datengesteuerte Entscheidungen mit Google Analytics<\/h2>\n<p>Durch das Tracking und die Analyse dieser Daten k\u00f6nnen Website-Besitzer fundierte Entscheidungen treffen, um die Leistung ihrer Website, die Benutzererfahrung und ihre Marketingstrategien zu verbessern. Es hilft ihnen dabei, Bereiche f\u00fcr Optimierung zu identifizieren, die Effektivit\u00e4t ihrer Marketingkampagnen zu verstehen und den Erfolg ihrer Ziele und Conversions zu messen.<\/p>\n<p>Google Analytics bietet eine Vielzahl von Funktionen und Berichten, darunter Echtzeit-Daten\u00fcberwachung, Einblicke in das Publikum, Berichte zu Akquisition und Verhalten, Conversion-Tracking und anpassbare Dashboards. Es wird in verschiedenen Branchen weit verbreitet genutzt und ist ein leistungsstarkes Tool f\u00fcr datengesteuerte Entscheidungen in der Welt des digitalen Marketings.<\/p>\n<h2>Google Analytics 4 seit dem 1. Juli 2023<\/h2>\n<p>Google hat eine neue Version seiner Webtracking-Software eingef\u00fchrt: Benutzer erhielten die Benachrichtigung, dass ab dem 1. Juli 2023 der Wechsel zu Google Analytics 4 erzwungen wird und damit Google Analytics 3 (mit der UA-Kennung) ersetzt wird.<\/p>\n<h2>Warum es sich lohnt, Google Analytics zu verwenden<\/h2>\n<p>GA hilft Ihnen dabei, Ihre Zielgruppe besser zu verstehen und ihr Verhalten auf Ihrer Website nachzuverfolgen. Wenn Sie immer noch \u00fcberzeugt werden m\u00fcssen, sind hier einige Gr\u00fcnde, warum Sie unbedingt Google Analytics verwenden sollten:<\/p>\n<ul>\n<li>Es ist kostenlos &#8211; Google erhebt keine Geb\u00fchren f\u00fcr die Nutzung von GA, und Sie k\u00f6nnen eine gro\u00dfe Menge an Daten erhalten. GA ist Teil der Google Marketing Platform, und jeder mit einem Google-Konto kann es kostenlos nutzen.<\/li>\n<li>Benutzerdefinierte Berichte &#8211; Sie k\u00f6nnen auch benutzerdefinierte Drag-and-Drop-Berichte mit den integrierten Tools von Google erstellen.<\/li>\n<li>Es kann mit anderen Tools integriert werden &#8211; Sie k\u00f6nnen es problemlos mit anderen erstaunlichen Google-Tools wie Google Search Console und Google AdWords verkn\u00fcpfen.<\/li>\n<li>Es ist vollautomatisiert &#8211; F\u00fcgen Sie einfach den Tracking-Code auf Ihrer Website hinzu, und Google Analytics verfolgt, erfasst und speichert automatisch alle Ihre Daten.<\/li>\n<li>Unabh\u00e4ngig von der Art Ihrer Website ist es wichtig, das Verhalten Ihrer Besucher zu verstehen. Die Daten, die Sie von Google Analytics erhalten, k\u00f6nnen in 3 Arten unterteilt werden:<\/li>\n<\/ul>\n<h2>Akquisition &#8211; Erfahren Sie, wie Sie mehr Traffic auf Ihre Website ziehen k\u00f6nnen.<\/h2>\n<ul>\n<li><strong>Verhalten<\/strong> &#8211; Entdecken Sie, was Besucher wirklich auf Ihrer Website tun.<\/li>\n<li><strong>Conversions<\/strong> &#8211; Finden Sie heraus, wie Sie Ihre Besucher in Kunden umwandeln k\u00f6nnen.<\/li>\n<\/ul>\n<p>GA erm\u00f6glicht den Zugriff auf wichtige Daten, die zeigen, wie Benutzer Ihre Website finden und mit ihr interagieren. So k\u00f6nnen Sie sehen, wie viele Personen Ihre Seite besucht haben, wie lange sie dort geblieben sind, wo sie leben, wie Ihre Ziel-Keywords funktionieren und vieles mehr. Diese wichtigen Informationen erm\u00f6glichen es Ihnen nicht nur, Ihre SEO-Strategien zu bewerten, sondern auch die Bereiche zu identifizieren, die verbessert werden m\u00fcssen. Google Analytics ist ein so leistungsstarkes Tool, das Sie unbedingt nutzen sollten, um Ihren digitalen Marketing-Plan aufzuwerten.<\/p>\n<p>[\/et_pb_text][et_pb_text _builder_version=&#8220;4.20.0&#8243; _module_preset=&#8220;default&#8220; saved_tabs=&#8220;all&#8220; global_colors_info=&#8220;{}&#8220;]<\/p>\n<p>In unserer Wissens-Datenbank werden (k\u00fcnftig) auch Backlinks, <a href=\"\/de\/wissen\/google-analytics\/\">Google Analytics<\/a>, <a href=\"\/de\/wissen\/google-search-console\/\">Google Search Console (GSC)<\/a> und weitere Themen durch einf\u00fchrende Artikel vorgestellt.<\/p>\n<p>[\/et_pb_text][\/et_pb_column][\/et_pb_row][\/et_pb_section]<\/p>\n","protected":false},"excerpt":{"rendered":"<p>Google Analytics Google Analytics ist ein Web-Analyse-Service, der von Google bereitgestellt wird und es Website-Besitzern und Vermarktern erm\u00f6glicht, verschiedene Aspekte der Leistung ihrer Website zu verfolgen und zu analysieren. Es liefert wertvolle Einblicke in das Besucherverhalten, demografische Daten, Traffic-Quellen und mehr. Mit Google Analytics k\u00f6nnen Websitebesitzer ein tieferes Verst\u00e4ndnis dar\u00fcber gewinnen, wie Benutzer mit ihrer [&hellip;]<\/p>\n","protected":false},"author":8,"featured_media":0,"parent":6989,"menu_order":0,"comment_status":"closed","ping_status":"closed","template":"","meta":{"_et_pb_use_builder":"on","_et_pb_old_content":"","_et_gb_content_width":"","footnotes":""},"class_list":["post-6991","page","type-page","status-publish","hentry"],"_links":{"self":[{"href":"https:\/\/kapwamarketing.com\/de\/wp-json\/wp\/v2\/pages\/6991","targetHints":{"allow":["GET"]}}],"collection":[{"href":"https:\/\/kapwamarketing.com\/de\/wp-json\/wp\/v2\/pages"}],"about":[{"href":"https:\/\/kapwamarketing.com\/de\/wp-json\/wp\/v2\/types\/page"}],"author":[{"embeddable":true,"href":"https:\/\/kapwamarketing.com\/de\/wp-json\/wp\/v2\/users\/8"}],"replies":[{"embeddable":true,"href":"https:\/\/kapwamarketing.com\/de\/wp-json\/wp\/v2\/comments?post=6991"}],"version-history":[{"count":11,"href":"https:\/\/kapwamarketing.com\/de\/wp-json\/wp\/v2\/pages\/6991\/revisions"}],"predecessor-version":[{"id":8831,"href":"https:\/\/kapwamarketing.com\/de\/wp-json\/wp\/v2\/pages\/6991\/revisions\/8831"}],"up":[{"embeddable":true,"href":"https:\/\/kapwamarketing.com\/de\/wp-json\/wp\/v2\/pages\/6989"}],"wp:attachment":[{"href":"https:\/\/kapwamarketing.com\/de\/wp-json\/wp\/v2\/media?parent=6991"}],"curies":[{"name":"wp","href":"https:\/\/api.w.org\/{rel}","templated":true}]}}