{"id":6989,"date":"2023-07-17T00:33:00","date_gmt":"2023-07-17T00:33:00","guid":{"rendered":"https:\/\/kapwamarketing.com\/?page_id=6989"},"modified":"2023-08-07T02:50:49","modified_gmt":"2023-08-07T02:50:49","slug":"wissen","status":"publish","type":"page","link":"https:\/\/kapwamarketing.com\/de\/wissen\/","title":{"rendered":"Knowledge Hub"},"content":{"rendered":"<p>[et_pb_section fb_built=&#8220;1&#8243; _builder_version=&#8220;4.20.0&#8243; _module_preset=&#8220;default&#8220; global_colors_info=&#8220;{}&#8220;][et_pb_row _builder_version=&#8220;4.20.0&#8243; _module_preset=&#8220;default&#8220; global_colors_info=&#8220;{}&#8220;][et_pb_column type=&#8220;4_4&#8243; _builder_version=&#8220;4.20.0&#8243; _module_preset=&#8220;default&#8220; global_colors_info=&#8220;{}&#8220;][et_pb_text _builder_version=&#8220;4.20.0&#8243; _module_preset=&#8220;default&#8220; global_colors_info=&#8220;{}&#8220;]<\/p>\n<h1>Online Marketing &#8211; Wissensdatenbank<\/h1>\n<p>Willkommen in unserer Wissensdatenbank rund um digitales Marketing! Das Team von Kapwa Marketing arbeitet st\u00e4ndig daran, noch mehr wertvolles Wissen durch Webinar, Online-Kurse, aber eben auch Fachartikel zur Verf\u00fcgung zu stellen, sodass Sie noch erfolgreicher Ihre digitale Zukunft gestalten k\u00f6nnen! Schauen Sie gerne auch in unserem <a href=\"https:\/\/kapwamarketing.com\/de\/blog\/\">Blog<\/a> vorbei, wo Sie z.B. hilfreiche Informationen rund um <a href=\"\/de\/image-seo\/\">image SEO<\/a> und andere relevante Themen finden.[\/et_pb_text][et_pb_text _builder_version=&#8220;4.20.0&#8243; _module_preset=&#8220;default&#8220; hover_enabled=&#8220;0&#8243; global_module=&#8220;7074&#8243; global_colors_info=&#8220;{}&#8220; sticky_enabled=&#8220;0&#8243;]<\/p>\n<p>Bisher haben wir Artikel zu Absprungrate (Bounce Rate), <a href=\"\/de\/wissen\/google-analytics\/\">Google Analytics<\/a> , <a href=\"\/de\/wissen\/google-search-console\/\">Google Search Console<\/a> geschrieben.<\/p>\n<p>[\/et_pb_text][\/et_pb_column][\/et_pb_row][\/et_pb_section]<\/p>\n","protected":false},"excerpt":{"rendered":"<p>Online Marketing &#8211; Wissensdatenbank Willkommen in unserer Wissensdatenbank rund um digitales Marketing! Das Team von Kapwa Marketing arbeitet st\u00e4ndig daran, noch mehr wertvolles Wissen durch Webinar, Online-Kurse, aber eben auch Fachartikel zur Verf\u00fcgung zu stellen, sodass Sie noch erfolgreicher Ihre digitale Zukunft gestalten k\u00f6nnen! Schauen Sie gerne auch in unserem Blog vorbei, wo Sie z.B. [&hellip;]<\/p>\n","protected":false},"author":8,"featured_media":0,"parent":0,"menu_order":0,"comment_status":"closed","ping_status":"closed","template":"","meta":{"_et_pb_use_builder":"on","_et_pb_old_content":"","_et_gb_content_width":"","footnotes":""},"class_list":["post-6989","page","type-page","status-publish","hentry"],"_links":{"self":[{"href":"https:\/\/kapwamarketing.com\/de\/wp-json\/wp\/v2\/pages\/6989","targetHints":{"allow":["GET"]}}],"collection":[{"href":"https:\/\/kapwamarketing.com\/de\/wp-json\/wp\/v2\/pages"}],"about":[{"href":"https:\/\/kapwamarketing.com\/de\/wp-json\/wp\/v2\/types\/page"}],"author":[{"embeddable":true,"href":"https:\/\/kapwamarketing.com\/de\/wp-json\/wp\/v2\/users\/8"}],"replies":[{"embeddable":true,"href":"https:\/\/kapwamarketing.com\/de\/wp-json\/wp\/v2\/comments?post=6989"}],"version-history":[{"count":10,"href":"https:\/\/kapwamarketing.com\/de\/wp-json\/wp\/v2\/pages\/6989\/revisions"}],"predecessor-version":[{"id":7114,"href":"https:\/\/kapwamarketing.com\/de\/wp-json\/wp\/v2\/pages\/6989\/revisions\/7114"}],"wp:attachment":[{"href":"https:\/\/kapwamarketing.com\/de\/wp-json\/wp\/v2\/media?parent=6989"}],"curies":[{"name":"wp","href":"https:\/\/api.w.org\/{rel}","templated":true}]}}