{"id":640,"date":"2019-05-12T11:44:08","date_gmt":"2019-05-12T11:44:08","guid":{"rendered":"http:\/\/new.kapwamarketing.com\/?page_id=640"},"modified":"2025-08-19T06:35:57","modified_gmt":"2025-08-19T06:35:57","slug":"content-marketing","status":"publish","type":"page","link":"https:\/\/kapwamarketing.com\/de\/content-marketing\/","title":{"rendered":"Content Marketing"},"content":{"rendered":"<p>[et_pb_section fb_built=&#8220;1&#8243; admin_label=&#8220;section&#8220; _builder_version=&#8220;4.16&#8243; global_colors_info=&#8220;{}&#8220;][et_pb_row admin_label=&#8220;row&#8220; _builder_version=&#8220;4.16&#8243; background_size=&#8220;initial&#8220; background_position=&#8220;top_left&#8220; background_repeat=&#8220;repeat&#8220; global_colors_info=&#8220;{}&#8220;][et_pb_column type=&#8220;4_4&#8243; _builder_version=&#8220;4.16&#8243; custom_padding=&#8220;|||&#8220; global_colors_info=&#8220;{}&#8220; custom_padding__hover=&#8220;|||&#8220;][et_pb_text admin_label=&#8220;Text&#8220; _builder_version=&#8220;4.27.4&#8243; background_size=&#8220;initial&#8220; background_position=&#8220;top_left&#8220; background_repeat=&#8220;repeat&#8220; hover_enabled=&#8220;0&#8243; global_colors_info=&#8220;{}&#8220; sticky_enabled=&#8220;0&#8243;]<\/p>\n<p><strong>Guter Content<\/strong>\u00a0bzw.\u00a0<strong>gute Inhalte<\/strong>\u00a0sind oftmals entscheidend f\u00fcr den Erfolg einer Website bzw. eines Blogs. Diese Webinhalte k\u00f6nnen informative Texte sein, die den Besuchern sehr viel\u00a0<strong>Mehrwert<\/strong>\u00a0bieten und den Besuch einer Webseite lohnenswert machen; oder aber sch\u00f6ne Fotos und Videos, die auf interessante Art und Weise veranschaulichen; schlie\u00dflich etwa k\u00f6nnen es auch neuartige Infografiken sein, die komplexe Sachverhalte leicht verst\u00e4ndlich und \u00fcbersichtlich darstellen.<\/p>\n<\/p>\n<p>Bei Online Shops k\u00f6nnen es ausf\u00fchrliche Beschreibungen zu den angebotenen Produkten sein, die den Nutzen herausstellen, auf die Funktionsweise, Verarbeitung, den Hersteller usw. eingehen. Je mehr W-Fragen beantwortet werden, desto besser. Immer erfolgreicher werden auch Strategien, die aus Amerika zu uns her\u00fcber schwappen und sich um digitale B\u00fccher bzw.\u00a0<strong>eBooks<\/strong>\u00a0drehen. Dies ist ein recht neuer Bereich, der aber Teil einer durchdachten Content Marketing Strategie sein kann, um Leads und Sales zu generieren.<\/p>\n<\/p>\n<figure class=\"wp-block-image\"><img decoding=\"async\" width=\"640\" height=\"426\" src=\"https:\/\/kapwamarketing.com\/wp-content\/uploads\/2019\/05\/content-marketing.jpg\" alt=\"content marketing\" class=\"wp-image-641\" srcset=\"https:\/\/kapwamarketing.com\/wp-content\/uploads\/2019\/05\/content-marketing.jpg 640w, https:\/\/kapwamarketing.com\/wp-content\/uploads\/2019\/05\/content-marketing-300x200.jpg 300w\" sizes=\"(max-width: 640px) 100vw, 640px\" \/><\/p>\n<p>&nbsp;<\/p><figcaption>Modernes Content Marketing ist wichtiger denn je<\/figcaption><\/figure>\n<\/p>\n<h2>Mehr Umsatz durch suchmaschinenoptimierten Content<\/h2>\n<\/p>\n<p>Da es nach wie vor haupts\u00e4chlich um Informationen in Textform handelt, die im Internet gesucht werden, liegt der Fokus zun\u00e4chst auf\u00a0<strong>suchmaschinenoptimierten Webinhalten<\/strong>, die sowohl von Besuchern gerne gelesen als auch in Suchmaschinen gut gelistet werden. Dies ist wichtig, da Inhalte, die nur schlecht von Google, Bing &amp; Co. gefunden und \u201cgeranked\u201d werden k\u00f6nnen, viel weniger Leser erhalten als m\u00f6glich. Und weniger Besucher hei\u00dft bekanntlich weniger Kunden und damit auch weniger Umsatz.<\/p>\n<\/p>\n<p>Auch in Bezug auf suchmaschinenoptimierte Inhalte bzw. Webseiten gibt es viele verschiedene Strategien, die jedoch prinzipiell immer st\u00e4rker eine Gemeinsamkeit aufweisen: sie sorgen daf\u00fcr, dass der\u00a0<strong>Content immer hochwertiger und informativer f\u00fcr die Besucher<\/strong>\u00a0wird. Dies ist eigentlich eine recht logische Entwicklung, denn letzten Endes sollen sich auch die lesenswertesten und wertvollsten Informationen langfristig durchsetzen.<\/p>\n<\/p>\n<p>Nach den gro\u00dfen Google Updates der letzten Jahre (Stichwort \u201cPanda &amp; Pinguin\u201d) ist die SEO-Welt bisweilen stark ins Wanken geraten, und es ist klar, dass Webmaster und\u00a0Suchmaschinenoptimierer\u00a0vor allem eines machen m\u00fcssen: n\u00e4mlich den Besucher und potenziellen Kunden in den Mittelpunkt zu stellen.<\/p>\n<\/p>\n<p>Dieser Ansatz wirkt sich u.a. auch auf den manchmal antiquierten\u00a0Linkaufbau\u00a0aus, um an\u00a0Backlinks\u00a0zu kommen; k\u00fcnftig sollte noch viel mehr darauf geachtet werden, dass vor allem solche Links aufgebaut werden, die auch wirklich von Besuchern geklickt werden \u2013 zumindest in der Theorie.<\/p>\n<\/p>\n<p>Wer sich ein wenig mit Klickraten auf Links im Flie\u00dftext befasst hat, der wei\u00df, dass diese i.d.R. im einstelligen Prozentbereich liegen \u2013 und dennoch: wer k\u00fcnftig die M\u00fchen nicht scheut, um genau solche (themenrelevanten) Links zu generieren, der wird am Ende mehr davon haben.<\/p>\n<\/p>\n<h2>Guter Content bedeutet mehr Links<\/h2>\n<\/p>\n<p>Wer Wert auf einzigartigen Content und informative Inhalte legt, der wird auch leichter\u00a0<strong>themenrelevante Links<\/strong>\u00a0erhalten. Dass diese \u201cwie von Geisterhand\u201d massenweise von anderen Webmastern ohne gro\u00dfes Zutun gesetzt werden, wird hier nicht angenommen. Doch sicherlich f\u00e4llt es vielen Menschen leichter, auf eine Webseite zu verlinken, die auch gewissen Qualit\u00e4tsstandards gen\u00fcgt.<\/p>\n<\/p>\n<p>Das Team von Kapwa Marketing setzt schon seit vielen Jahren auf guten Content. Wenn Sie Unterst\u00fctzung brauchen in Bezug auf qualitativ hochwertige Webinhalte, was sich auch immer mehr auf Bilder und Videos bezieht, dann <a href=\"\/de\/kontakt\/\">kontaktieren<\/a> Sie uns gerne.<\/p>\n<\/p>\n<p>[\/et_pb_text][\/et_pb_column][\/et_pb_row][\/et_pb_section]<\/p>\n","protected":false},"excerpt":{"rendered":"<p>Guter Content\u00a0bzw.\u00a0gute Inhalte\u00a0sind oftmals entscheidend f\u00fcr den Erfolg einer Website bzw. eines Blogs. Diese Webinhalte k\u00f6nnen informative Texte sein, die den Besuchern sehr viel\u00a0Mehrwert\u00a0bieten und den Besuch einer Webseite lohnenswert machen; oder aber sch\u00f6ne Fotos und Videos, die auf interessante Art und Weise veranschaulichen; schlie\u00dflich etwa k\u00f6nnen es auch neuartige Infografiken sein, die komplexe Sachverhalte [&hellip;]<\/p>\n","protected":false},"author":1,"featured_media":0,"parent":0,"menu_order":0,"comment_status":"closed","ping_status":"closed","template":"","meta":{"_et_pb_use_builder":"on","_et_pb_old_content":"<!-- wp:paragraph -->\n<p><strong>Guter Content<\/strong>&nbsp;bzw.&nbsp;<strong>gute Inhalte<\/strong>&nbsp;sind oftmals entscheidend f\u00fcr den Erfolg einer Website bzw. eines Blogs. Diese Webinhalte k\u00f6nnen informative Texte sein, die den Besuchern sehr viel&nbsp;<strong>Mehrwert<\/strong>&nbsp;bieten und den Besuch einer Webseite lohnenswert machen; oder aber sch\u00f6ne Fotos und Videos, die auf interessante Art und Weise veranschaulichen; schlie\u00dflich etwa k\u00f6nnen es auch neuartige Infografiken sein, die komplexe Sachverhalte leicht verst\u00e4ndlich und \u00fcbersichtlich darstellen.<\/p>\n<!-- \/wp:paragraph -->\n\n<!-- wp:paragraph -->\n<p>Bei Online Shops k\u00f6nnen es ausf\u00fchrliche Beschreibungen zu den angebotenen Produkten sein, die den Nutzen herausstellen, auf die Funktionsweise, Verarbeitung, den Hersteller usw. eingehen. Je mehr W-Fragen beantwortet werden, desto besser. Immer erfolgreicher werden auch Strategien, die aus Amerika zu uns her\u00fcber schwappen und sich um digitale B\u00fccher bzw.&nbsp;<strong>eBooks<\/strong>&nbsp;drehen. Dies ist ein recht neuer Bereich, der aber Teil einer durchdachten Content Marketing Strategie sein kann, um Leads und Sales zu generieren.<\/p>\n<!-- \/wp:paragraph -->\n\n<!-- wp:image {\"id\":641} -->\n<figure class=\"wp-block-image\"><img src=\"https:\/\/kapwamarketing.com\/wp-content\/uploads\/2019\/05\/content-marketing.jpg\" alt=\"\" class=\"wp-image-641\"\/><figcaption>Modernes Content Marketing ist wichtiger denn je<\/figcaption><\/figure>\n<!-- \/wp:image -->\n\n<!-- wp:heading -->\n<h2>Mehr Umsatz durch suchmaschinenoptimierten Content<\/h2>\n<!-- \/wp:heading -->\n\n<!-- wp:paragraph -->\n<p>Da es nach wie vor haupts\u00e4chlich um Informationen in Textform handelt, die im Internet gesucht werden, liegt der Fokus zun\u00e4chst auf&nbsp;<strong>suchmaschinenoptimierten Webinhalten<\/strong>, die sowohl von Besuchern gerne gelesen als auch in Suchmaschinen gut gelistet werden. Dies ist wichtig, da Inhalte, die nur schlecht von Google, Bing &amp; Co. gefunden und \u201cgeranked\u201d werden k\u00f6nnen, viel weniger Leser erhalten als m\u00f6glich. Und weniger Besucher hei\u00dft bekanntlich weniger Kunden und damit auch weniger Umsatz.<\/p>\n<!-- \/wp:paragraph -->\n\n<!-- wp:paragraph -->\n<p>Auch in Bezug auf suchmaschinenoptimierte Inhalte bzw. Webseiten gibt es viele verschiedene Strategien, die jedoch prinzipiell immer st\u00e4rker eine Gemeinsamkeit aufweisen: sie sorgen daf\u00fcr, dass der&nbsp;<strong>Content immer hochwertiger und informativer f\u00fcr die Besucher<\/strong>&nbsp;wird. Dies ist eigentlich eine recht logische Entwicklung, denn letzten Endes sollen sich auch die lesenswertesten und wertvollsten Informationen langfristig durchsetzen.<\/p>\n<!-- \/wp:paragraph -->\n\n<!-- wp:paragraph -->\n<p>Nach den gro\u00dfen Google Updates der letzten Jahre (Stichwort \u201cPanda &amp; Pinguin\u201d) ist die SEO-Welt bisweilen stark ins Wanken geraten, und es ist klar, dass Webmaster und&nbsp;Suchmaschinenoptimierer&nbsp;vor allem eines machen m\u00fcssen: n\u00e4mlich den Besucher und potenziellen Kunden in den Mittelpunkt zu stellen.<\/p>\n<!-- \/wp:paragraph -->\n\n<!-- wp:paragraph -->\n<p>Dieser Ansatz wirkt sich u.a. auch auf den manchmal antiquierten&nbsp;Linkaufbau&nbsp;aus, um an&nbsp;Backlinks&nbsp;zu kommen; k\u00fcnftig sollte noch viel mehr darauf geachtet werden, dass vor allem solche Links aufgebaut werden, die auch wirklich von Besuchern geklickt werden \u2013 zumindest in der Theorie.<\/p>\n<!-- \/wp:paragraph -->\n\n<!-- wp:paragraph -->\n<p>Wer sich ein wenig mit Klickraten auf Links im Flie\u00dftext befasst hat, der wei\u00df, dass diese i.d.R. im einstelligen Prozentbereich liegen \u2013 und dennoch: wer k\u00fcnftig die M\u00fchen nicht scheut, um genau solche (themenrelevanten) Links zu generieren, der wird am Ende mehr davon haben.<\/p>\n<!-- \/wp:paragraph -->\n\n<!-- wp:heading -->\n<h2>Guter Content bedeutet mehr Links<\/h2>\n<!-- \/wp:heading -->\n\n<!-- wp:paragraph -->\n<p>Wer Wert auf einzigartigen Content und informative Inhalte legt, der wird auch leichter&nbsp;<strong>themenrelevante Links<\/strong>&nbsp;erhalten. Dass diese \u201cwie von Geisterhand\u201d massenweise von anderen Webmastern ohne gro\u00dfes Zutun gesetzt werden, wird hier nicht angenommen. Doch sicherlich f\u00e4llt es vielen Menschen leichter, auf eine Webseite zu verlinken, die auch gewissen Qualit\u00e4tsstandards gen\u00fcgt.<\/p>\n<!-- \/wp:paragraph -->\n\n<!-- wp:paragraph -->\n<p>Das Team von Kapwa Marketing setzt schon seit vielen Jahren auf guten Content. Wenn Sie Unterst\u00fctzung brauchen in Bezug auf qualitativ hochwertige Webinhalte, was sich auch immer mehr auf Bilder und Videos bezieht, dann <a href=\"\/de\/kontakt\/\">kontaktieren<\/a> Sie uns gerne.<\/p>\n<!-- \/wp:paragraph -->","_et_gb_content_width":"","footnotes":""},"class_list":["post-640","page","type-page","status-publish","hentry"],"_links":{"self":[{"href":"https:\/\/kapwamarketing.com\/de\/wp-json\/wp\/v2\/pages\/640","targetHints":{"allow":["GET"]}}],"collection":[{"href":"https:\/\/kapwamarketing.com\/de\/wp-json\/wp\/v2\/pages"}],"about":[{"href":"https:\/\/kapwamarketing.com\/de\/wp-json\/wp\/v2\/types\/page"}],"author":[{"embeddable":true,"href":"https:\/\/kapwamarketing.com\/de\/wp-json\/wp\/v2\/users\/1"}],"replies":[{"embeddable":true,"href":"https:\/\/kapwamarketing.com\/de\/wp-json\/wp\/v2\/comments?post=640"}],"version-history":[{"count":4,"href":"https:\/\/kapwamarketing.com\/de\/wp-json\/wp\/v2\/pages\/640\/revisions"}],"predecessor-version":[{"id":8879,"href":"https:\/\/kapwamarketing.com\/de\/wp-json\/wp\/v2\/pages\/640\/revisions\/8879"}],"wp:attachment":[{"href":"https:\/\/kapwamarketing.com\/de\/wp-json\/wp\/v2\/media?parent=640"}],"curies":[{"name":"wp","href":"https:\/\/api.w.org\/{rel}","templated":true}]}}