{"id":4068,"date":"2018-01-18T06:50:24","date_gmt":"2018-01-18T06:50:24","guid":{"rendered":"http:\/\/kapwamarketing.com\/references\/"},"modified":"2024-06-08T06:52:14","modified_gmt":"2024-06-08T06:52:14","slug":"referenzen","status":"publish","type":"page","link":"https:\/\/kapwamarketing.com\/de\/referenzen\/","title":{"rendered":"Referenzen"},"content":{"rendered":"<p>[et_pb_section fb_built=&#8220;1&#8243; admin_label=&#8220;section&#8220; _builder_version=&#8220;4.16&#8243; global_colors_info=&#8220;{}&#8220;][et_pb_row admin_label=&#8220;row&#8220; _builder_version=&#8220;4.16&#8243; background_size=&#8220;initial&#8220; background_position=&#8220;top_left&#8220; background_repeat=&#8220;repeat&#8220; global_colors_info=&#8220;{}&#8220;][et_pb_column type=&#8220;4_4&#8243; _builder_version=&#8220;4.16&#8243; custom_padding=&#8220;|||&#8220; global_colors_info=&#8220;{}&#8220; custom_padding__hover=&#8220;|||&#8220;][et_pb_text admin_label=&#8220;Text&#8220; _builder_version=&#8220;4.24.0&#8243; background_size=&#8220;initial&#8220; background_position=&#8220;top_left&#8220; background_repeat=&#8220;repeat&#8220; hover_enabled=&#8220;0&#8243; global_colors_info=&#8220;{}&#8220; sticky_enabled=&#8220;0&#8243;]<\/p>\n<p>Wir arbeiten mit Unternehmen aus der ganzen Welt. Anbei finden Sie eine Auswahl unserer Partner &#8211; weitere Referenzen k\u00f6nnen wir Ihnen gerne auch Anfrage schicken.<\/p>\n<h2>Faszination S\u00fcdostasien<\/h2>\n<p>Wer eine Reise nach S\u00fcdostasien unternehmen m\u00f6chte, der ist mit hoher Wahrscheinlichkeit schon einmal auf der Website <a href=\"https:\/\/faszination-suedostasien.de\/\">https:\/\/faszination-suedostasien.de\/<\/a>. gelandet. Unser Team unterst\u00fctzt Stefan und seine Mitarbeiter:innen in Sachen Webentwicklung, <a href=\"\/de\/suchmaschinenoptimierung\/\">Suchmaschinenoptimierung<\/a> und digitale Strategieentwicklung.<\/p>\n<p><img decoding=\"async\" src=\"https:\/\/kapwamarketing.com\/wp-content\/uploads\/2024\/06\/faszination-suedostasien-1024x517.png\" width=\"1024\" height=\"517\" alt=\"\" class=\"wp-image-7750 aligncenter size-large\" srcset=\"https:\/\/kapwamarketing.com\/wp-content\/uploads\/2024\/06\/faszination-suedostasien-1024x517.png 1024w, https:\/\/kapwamarketing.com\/wp-content\/uploads\/2024\/06\/faszination-suedostasien-980x495.png 980w, https:\/\/kapwamarketing.com\/wp-content\/uploads\/2024\/06\/faszination-suedostasien-480x242.png 480w\" sizes=\"(min-width: 0px) and (max-width: 480px) 480px, (min-width: 481px) and (max-width: 980px) 980px, (min-width: 981px) 1024px, 100vw\" \/><\/p>\n<h2>Complete Gutter Solutions<\/h2>\n<p>&#8222;CGS&#8220; ist einer der vielen versteckten Champions, mit denen wir zusammenarbeiten. Das australische Unternehmen <em>Complete Gutter Solutions<\/em> hat seinen Sitz in Melbourne, Victoria, und bietet hochwertige Dachrinnenschutzgitter, Dachrinnenreinigung, Vogelschutz und die Installation von Dachrinnenschutzgittern an.<\/p>\n<p><a href=\"http:\/\/completeguttersolutions.com.au\/\" rel=\"noopener noreferrer\" target=\"_blank\"><img decoding=\"async\" src=\"https:\/\/kapwamarketing.com\/wp-content\/uploads\/2018\/01\/complete-gutter-solutions.jpg\" alt=\"Complete Gutter Solutions Melbourne, Victoria\" width=\"600\" height=\"348\" class=\"aligncenter size-full wp-image-138\" srcset=\"https:\/\/kapwamarketing.com\/wp-content\/uploads\/2018\/01\/complete-gutter-solutions.jpg 600w, https:\/\/kapwamarketing.com\/wp-content\/uploads\/2018\/01\/complete-gutter-solutions-300x174.jpg 300w\" sizes=\"(max-width: 600px) 100vw, 600px\" \/><\/a><\/p>\n<p>Wir konzentrieren uns auf lokales SEO und haben eine gut funktionierende Google Adwords-Kampagne erstellt. Die Kombination aus SEO und SEM sorgt f\u00fcr einen konstanten Fluss von Leads, um die Experten besch\u00e4ftigt zu halten.<\/p>\n<h2>Sea Bees<\/h2>\n<p>Dies war bisher eines der anspruchsvollsten Projekte f\u00fcr uns, da wir viele Probleme beheben mussten, die von ehemaligen Webentwicklungsunternehmen verursacht wurden.<\/p>\n<p><img decoding=\"async\" src=\"https:\/\/kapwamarketing.com\/wp-content\/uploads\/2018\/01\/sea-bees-thailand.jpg\" alt=\"\" width=\"600\" height=\"483\" class=\"aligncenter size-full wp-image-136\" srcset=\"https:\/\/kapwamarketing.com\/wp-content\/uploads\/2018\/01\/sea-bees-thailand.jpg 600w, https:\/\/kapwamarketing.com\/wp-content\/uploads\/2018\/01\/sea-bees-thailand-300x242.jpg 300w\" sizes=\"(max-width: 600px) 100vw, 600px\" \/><\/p>\n<p>Nachdem wir jedoch viele Probleme gel\u00f6st, viele Inhalte neu geschrieben und die Website neu gestaltet haben, sind die Rankings durch die Decke gegangen, und <strong>Sea Bees<\/strong> hat seitdem die beste Sichtbarkeit bei Google erreicht.<\/p>\n<p><img decoding=\"async\" src=\"https:\/\/kapwamarketing.com\/wp-content\/uploads\/2018\/01\/sea-bees-sistrix.jpg\" alt=\"\" width=\"600\" height=\"348\" class=\"aligncenter size-full wp-image-137\" srcset=\"https:\/\/kapwamarketing.com\/wp-content\/uploads\/2018\/01\/sea-bees-sistrix.jpg 600w, https:\/\/kapwamarketing.com\/wp-content\/uploads\/2018\/01\/sea-bees-sistrix-300x174.jpg 300w\" sizes=\"(max-width: 600px) 100vw, 600px\" \/><\/p>\n<p>Die Website wurde auf WordPress entwickelt und nutzt das WPML-Plugin f\u00fcr internationales SEO. Das obige Sistrix-Diagramm zeigt deutlich die gro\u00dfartige Entwicklung der Website seit Beginn unserer Arbeit Mitte Januar 2017.<\/p>\n<h2>Kapwa Travel<\/h2>\n<p>Unser Schwesterunternehmen <strong>Kapwa Travel<\/strong> ist ein Boutique-Reiseveranstalter, der sich auf <a href=\"http:\/\/kapwatravel.com\/de\/\" rel=\"noopener noreferrer\" target=\"_blank\">individuelle Philippinen-Rundreisen<\/a> spezialisiert hat. Wir haben ihre Website auf Basis von WordPress in Kombination mit einem WPML-Setup entwickelt. Da Kapwa Travel Kunden aus aller Welt betreut, mussten wir sicherstellen, dass die Website mit dem richtigen Hreflang-Tag-Setup in mehreren L\u00e4ndern rankt.<\/p>\n<p><img decoding=\"async\" src=\"https:\/\/kapwamarketing.com\/wp-content\/uploads\/2018\/01\/kapwa-travel.jpg\" alt=\"\" width=\"600\" height=\"391\" class=\"aligncenter size-full wp-image-135\" srcset=\"https:\/\/kapwamarketing.com\/wp-content\/uploads\/2018\/01\/kapwa-travel.jpg 600w, https:\/\/kapwamarketing.com\/wp-content\/uploads\/2018\/01\/kapwa-travel-300x196.jpg 300w\" sizes=\"(max-width: 600px) 100vw, 600px\" \/><\/p>\n<p>Heutzutage ist Kapwa Travel ein dynamisches und schnell wachsendes Unternehmen, das mit den renommiertesten Hotels und Resorts des Landes zusammenarbeitet. Wenn Sie die wundersch\u00f6nen philippinischen Inseln wirklich entdecken m\u00f6chten, dann nehmen Sie Kontakt mit dem Team von Kapwa Travel auf.<\/p>\n<p>Wenn auch Sie hier vorgestellt werden und mit Ihrem Unternehmen erfolgreicher sein m\u00f6chten, dann <a href=\"\/de\/kontakt\/\">nehmen Sie Kontakt zu uns auf<\/a>. Unser erfahrenes Team hilft Ihnen, in Ihrer Branche f\u00fchrend zu werden und eine starke Marke zu werden, um nachhaltig Leads und Verk\u00e4ufe zu generieren.<\/p>\n<p>[\/et_pb_text][\/et_pb_column][\/et_pb_row][\/et_pb_section]<\/p>\n","protected":false},"excerpt":{"rendered":"<p>Wir arbeiten mit Unternehmen aus der ganzen Welt. Anbei finden Sie eine Auswahl unserer Partner &#8211; weitere Referenzen k\u00f6nnen wir Ihnen gerne auch Anfrage schicken. Faszination S\u00fcdostasien Wer eine Reise nach S\u00fcdostasien unternehmen m\u00f6chte, der ist mit hoher Wahrscheinlichkeit schon einmal auf der Website https:\/\/faszination-suedostasien.de\/. gelandet. Unser Team unterst\u00fctzt Stefan und seine Mitarbeiter:innen in Sachen [&hellip;]<\/p>\n","protected":false},"author":1,"featured_media":0,"parent":0,"menu_order":0,"comment_status":"closed","ping_status":"closed","template":"","meta":{"_et_pb_use_builder":"on","_et_pb_old_content":"We work with companies from all over the world and help them grow internationally. You can find a selection of our current projects here - just send us an email for more references.\r\n\r\n<h2>Complete Gutter Solutions<\/h2>\r\n\"CGS\" is one of the many hidden champions we work with. The Australian company <strong>Complete Gutter Solutions<\/strong> is based in Melbourne, Victoria, and offers hiqh quality gutter guards, gutter cleaning, bird proofing and gutter guard installation services.\r\n\r\n<a href=\"http:\/\/completeguttersolutions.com.au\/\" rel=\"noopener\" target=\"_blank\"><img src=\"https:\/\/kapwamarketing.com\/wp-content\/uploads\/2018\/01\/complete-gutter-solutions.jpg\" alt=\"Complete Gutter Solutions Melbourne, Victoria\" width=\"600\" height=\"348\" class=\"aligncenter size-full wp-image-138\" \/><\/a>\r\n\r\nWe focus on local SEO and created a well-performing Google Adwords campaign. The combination of SEO and SEM creates a constant flow of leads to keep the experts busy.\r\n\r\n<h2>Sea Bees<\/h2>\r\nThis has been one of the most challenging projects for us so far, since we had to fix many issues caused by former web development companies. \r\n\r\n<img src=\"https:\/\/kapwamarketing.com\/wp-content\/uploads\/2018\/01\/sea-bees-thailand.jpg\" alt=\"\" width=\"600\" height=\"483\" class=\"aligncenter size-full wp-image-136\" \/>\r\nHowever, after sorting out many issues, re-writing a lot of content and re-designing the website, their rankings went through the roof and <strong>Sea Bees<\/strong> has the best visibility in Google ever since.\r\n\r\n<img src=\"https:\/\/kapwamarketing.com\/wp-content\/uploads\/2018\/01\/sea-bees-sistrix.jpg\" alt=\"\" width=\"600\" height=\"348\" class=\"aligncenter size-full wp-image-137\" \/>\r\n\r\nThe website has been developped on WordPress and uses the WPML plug-in for international SEO. The Sistrix chart above clearly indicates the great development of the website since we started our work mid January 2017.\r\n\r\n<h2>Kapwa Travel<\/h2>\r\nOur sister company <strong>Kapwa Travel<\/strong> is a boutique tour operator that focuses on <a href=\"http:\/\/kapwatravel.com\/\" rel=\"noopener\" target=\"_blank\">individual tours in the Philippines<\/a>. We have developped their website based on WordPress in combination with a WPML set-up. They have an international clientele, so we needed to ensure that the website would rank in several countries with the correct hreflang tag set-up.\r\n\r\n<img src=\"https:\/\/kapwamarketing.com\/wp-content\/uploads\/2018\/01\/kapwa-travel.jpg\" alt=\"\" width=\"600\" height=\"391\" class=\"aligncenter size-full wp-image-135\" \/>\r\n\r\nNowadays, Kapwa Travel ist a dynamic and fast-growing company partnering up with the biggest hotels and resorts in the country. If you really want to discover the beautiful Philippine islands, then get in touch with them.\r\n\r\nIf you also want to get featured here and be more successful with your business, then <a href=\"\/contact-us\/\">get in touch with us<\/a>. Our experienced team will help you to become a leader in your industry, create a strong brand, leads and sales.","_et_gb_content_width":"","footnotes":""},"class_list":["post-4068","page","type-page","status-publish","hentry"],"_links":{"self":[{"href":"https:\/\/kapwamarketing.com\/de\/wp-json\/wp\/v2\/pages\/4068","targetHints":{"allow":["GET"]}}],"collection":[{"href":"https:\/\/kapwamarketing.com\/de\/wp-json\/wp\/v2\/pages"}],"about":[{"href":"https:\/\/kapwamarketing.com\/de\/wp-json\/wp\/v2\/types\/page"}],"author":[{"embeddable":true,"href":"https:\/\/kapwamarketing.com\/de\/wp-json\/wp\/v2\/users\/1"}],"replies":[{"embeddable":true,"href":"https:\/\/kapwamarketing.com\/de\/wp-json\/wp\/v2\/comments?post=4068"}],"version-history":[{"count":4,"href":"https:\/\/kapwamarketing.com\/de\/wp-json\/wp\/v2\/pages\/4068\/revisions"}],"predecessor-version":[{"id":7753,"href":"https:\/\/kapwamarketing.com\/de\/wp-json\/wp\/v2\/pages\/4068\/revisions\/7753"}],"wp:attachment":[{"href":"https:\/\/kapwamarketing.com\/de\/wp-json\/wp\/v2\/media?parent=4068"}],"curies":[{"name":"wp","href":"https:\/\/api.w.org\/{rel}","templated":true}]}}