{"id":3243,"date":"2020-12-28T22:31:14","date_gmt":"2020-12-28T22:31:14","guid":{"rendered":"http:\/\/new.kapwamarketing.com\/?page_id=3243"},"modified":"2021-01-18T08:28:39","modified_gmt":"2021-01-18T08:28:39","slug":"ueber-uns","status":"publish","type":"page","link":"https:\/\/kapwamarketing.com\/de\/ueber-uns\/","title":{"rendered":"\u00dcber uns"},"content":{"rendered":"<p>[et_pb_section fb_built=&#8220;1&#8243; module_class=&#8220;billboard-height heading-full-height&#8220; _builder_version=&#8220;4.3.2&#8243; use_background_color_gradient=&#8220;on&#8220; background_color_gradient_start=&#8220;rgba(0,0,0,0.22)&#8220; background_color_gradient_start_position=&#8220;100%&#8220; background_color_gradient_overlays_image=&#8220;on&#8220; background_image=&#8220;https:\/\/kapwamarketing.com\/wp-content\/uploads\/2020\/02\/build-website.jpg&#8220; custom_padding=&#8220;0vh||0vh||true|false&#8220;][et_pb_row column_structure=&#8220;3_5,2_5&#8243; _builder_version=&#8220;4.3.2&#8243; custom_padding=&#8220;0px||0px||true|false&#8220;][et_pb_column type=&#8220;3_5&#8243; _builder_version=&#8220;4.3.2&#8243;][et_pb_text _builder_version=&#8220;4.3.4&#8243; header_font=&#8220;||||||||&#8220; header_text_color=&#8220;#ffffff&#8220; header_2_font=&#8220;||||||||&#8220; header_2_text_color=&#8220;#ffffff&#8220;]<\/p>\n<h1>\u00dcber Uns<\/h1>\n<h2>Finden Sie mehr \u00fcber das Team hinter Kapwa Marketing heraus<\/h2>\n<p>[\/et_pb_text][\/et_pb_column][et_pb_column type=&#8220;2_5&#8243; _builder_version=&#8220;4.3.2&#8243;][\/et_pb_column][\/et_pb_row][\/et_pb_section][et_pb_section fb_built=&#8220;1&#8243; _builder_version=&#8220;4.3.2&#8243; custom_padding=&#8220;3em||3em||true|false&#8220;][et_pb_row column_structure=&#8220;1_2,1_2&#8243; _builder_version=&#8220;4.3.2&#8243;][et_pb_column type=&#8220;1_2&#8243; _builder_version=&#8220;4.3.2&#8243;][et_pb_text _builder_version=&#8220;4.3.4&#8243; text_font=&#8220;|600|||||||&#8220; text_font_size=&#8220;20px&#8220; text_line_height=&#8220;1.5em&#8220; custom_padding=&#8220;||0px|||&#8220;]Wir sind ein wilder Haufen leidenschaftlicher Webentwickler \/ Programmierer, Webdesigner, SEOs, Google Ads Experten, Content Marketer, Online-Strategen &amp; Berater, die stets hinzulernen und im Sinne von &#8222;kapwa&#8220; wachsen wollen. [\/et_pb_text][\/et_pb_column][et_pb_column type=&#8220;1_2&#8243; _builder_version=&#8220;4.3.2&#8243;][et_pb_text _builder_version=&#8220;4.3.4&#8243; text_line_height=&#8220;1.66em&#8220;]Wir interpretieren das philippinische Wort \u201ckapwa\u201d dabei sehr modern und aktiv. Wir sehen nicht nur unser Selbst im Gegen\u00fcber, sondern m\u00f6chten mit unseren Kunden, Partnern und allen weiteren Menschen wachsen, denen wir begegnen. Wir glauben fest daran, dass die Welt mehr \u201ckapwa\u201d braucht, einen menschlicheren Umgang miteinander &#8211; in allem, was wir tun[\/et_pb_text][\/et_pb_column][\/et_pb_row][\/et_pb_section][et_pb_section fb_built=&#8220;1&#8243; _builder_version=&#8220;4.3.2&#8243; use_background_color_gradient=&#8220;on&#8220; background_color_gradient_start=&#8220;rgba(0,0,0,0.5)&#8220; background_color_gradient_start_position=&#8220;100%&#8220; background_color_gradient_overlays_image=&#8220;on&#8220; background_image=&#8220;https:\/\/kapwamarketing.com\/wp-content\/uploads\/2020\/02\/search_engine_advertising.jpg&#8220; custom_padding=&#8220;12vw||12vw||true|false&#8220;][et_pb_row _builder_version=&#8220;4.3.2&#8243;][et_pb_column type=&#8220;4_4&#8243; _builder_version=&#8220;4.3.2&#8243;][et_pb_text _builder_version=&#8220;4.3.4&#8243; text_text_color=&#8220;#ffffff&#8220; text_font_size=&#8220;20px&#8220; text_line_height=&#8220;1.6em&#8220; custom_margin=&#8220;||4px|||&#8220; custom_padding=&#8220;2%||2%||true|true&#8220; custom_padding_tablet=&#8220;||25px||false|true&#8220; custom_padding_phone=&#8220;&#8220; custom_padding_last_edited=&#8220;on|tablet&#8220;]<span style=\"font-weight: 400;\">Sie m\u00f6chten mit uns arbeiten? Dann freuen wir uns sehr auf Ihre Kontaktaufnahme! Wir sind neugierig auf Sie und Ihr Unternehmen, h\u00f6ren gerne mehr \u00fcber Ihre Herausforderungen und vor allem Ziele, die wir gemeinsam mit Ihnen angehen d\u00fcrfen!<\/span>[\/et_pb_text][et_pb_text _builder_version=&#8220;4.3.4&#8243; text_text_color=&#8220;#ffffff&#8220; link_text_color=&#8220;#ffffff&#8220; text_orientation=&#8220;center&#8220;]<\/p>\n<div class=\"btn-container\"><a href=\"#\"><span class=\"et_pb_button the_button\"><span class=\"border-btn\">Kontaktanfrage<\/span><\/span><\/a> or <a href=\"#\"><span class=\"et_pb_button the_button\"><span class=\"border-btn\">R\u00fcckruf<\/span><\/span><\/a><\/div>\n<p>[\/et_pb_text][\/et_pb_column][\/et_pb_row][\/et_pb_section][et_pb_section fb_built=&#8220;1&#8243; _builder_version=&#8220;4.3.2&#8243; custom_padding=&#8220;3em||3em||true|false&#8220;][et_pb_row column_structure=&#8220;1_2,1_2&#8243; _builder_version=&#8220;4.3.2&#8243;][et_pb_column type=&#8220;1_2&#8243; _builder_version=&#8220;4.3.2&#8243;][et_pb_text _builder_version=&#8220;4.3.4&#8243; text_font=&#8220;|600|||||||&#8220; text_font_size=&#8220;20px&#8220; text_line_height=&#8220;1.5em&#8220;]Kapwa Marketing wendet vor allem Methoden im Inbound Marketing an. Das bedeutet u.a., dass wir starken Fokus auf Content Marketing legen und stets darauf bedacht sind, schon beim ersten Kontakt viel Mehrwert zu generieren.[\/et_pb_text][\/et_pb_column][et_pb_column type=&#8220;1_2&#8243; _builder_version=&#8220;4.3.2&#8243;][et_pb_text _builder_version=&#8220;4.3.4&#8243; text_line_height=&#8220;1.66em&#8220;]Um Mehrwert schaffen zu k\u00f6nnen, m\u00fcssen Sie die Bed\u00fcrfnisse Ihrer Zielgruppen(n) kennen. Das impliziert, dass viele Fragen gestellt werden, fast schon im philosophischen Sinne: Je mehr wir uns fragen, <strong>wer<\/strong> \u00fcberhaupt erreicht werden soll?, <strong>wie<\/strong> man diese Personen erreichen m\u00f6chte?, <strong>was<\/strong> der effektivste Weg dorthin ist?, <strong>welche<\/strong> Kan\u00e4le in diesem Fall verwendet werden sollten?, <strong>warum<\/strong> bestimmte Strategien besser sind als andere?, desto bessere Antworten k\u00f6nnen gefunden werden, und desto besser k\u00f6nnen wir weiterhelfen.[\/et_pb_text][\/et_pb_column][\/et_pb_row][\/et_pb_section][et_pb_section fb_built=&#8220;1&#8243; module_class=&#8220;fix-ftr&#8220; _builder_version=&#8220;4.3.2&#8243; background_enable_color=&#8220;off&#8220; use_background_color_gradient=&#8220;on&#8220; background_color_gradient_start=&#8220;rgba(0,0,0,0.76)&#8220; background_color_gradient_start_position=&#8220;100%&#8220; background_color_gradient_overlays_image=&#8220;on&#8220; background_image=&#8220;https:\/\/kapwamarketing.com\/wp-content\/uploads\/2020\/02\/search_engine_advertising_conversion_booster.jpg&#8220; parallax=&#8220;on&#8220; custom_padding=&#8220;0vw||0vw||true|false&#8220;][et_pb_row _builder_version=&#8220;4.3.2&#8243; use_background_color_gradient=&#8220;on&#8220; background_color_gradient_start=&#8220;rgba(0,0,0,0.65)&#8220; background_color_gradient_start_position=&#8220;100%&#8220; width=&#8220;100%&#8220; max_width=&#8220;100%&#8220; custom_padding=&#8220;11vw||11vw||true|false&#8220;][et_pb_column type=&#8220;4_4&#8243; _builder_version=&#8220;4.3.2&#8243; custom_padding=&#8220;||||false|false&#8220;][et_pb_text _builder_version=&#8220;4.3.4&#8243; text_text_color=&#8220;#ffffff&#8220; text_font_size=&#8220;32px&#8220; text_line_height=&#8220;1.3em&#8220; link_text_color=&#8220;#ffffff&#8220; custom_padding=&#8220;||||false|false&#8220; text_font_size_tablet=&#8220;22px&#8220; text_font_size_phone=&#8220;&#8220; text_font_size_last_edited=&#8220;on|phone&#8220;]<\/p>\n<div class=\"container\" style=\"padding-top: 0px;\">\n<p>Sie fragen sich nun, wie wir am besten gemeinsam starten k\u00f6nnen?<\/p>\n<p><a><span class=\"et_pb_button the_button mobile-mode\">Dann vereinbaren Sie jetzt einfach ein kostenloses Erstgespr\u00e4ch zum Kennenlernen!<br \/>\n<\/span><\/a><\/p>\n<\/div>\n<p>[\/et_pb_text][\/et_pb_column][\/et_pb_row][\/et_pb_section][et_pb_section fb_built=&#8220;1&#8243; _builder_version=&#8220;4.3.2&#8243; custom_padding=&#8220;3em||3em||true|false&#8220;][et_pb_row column_structure=&#8220;1_2,1_2&#8243; _builder_version=&#8220;4.3.2&#8243;][et_pb_column type=&#8220;1_2&#8243; _builder_version=&#8220;4.3.2&#8243;][et_pb_text _builder_version=&#8220;4.3.4&#8243; text_font=&#8220;|600|||||||&#8220; text_font_size=&#8220;20px&#8220; text_line_height=&#8220;1.5em&#8220; header_2_font=&#8220;|600|||||||&#8220; header_2_text_color=&#8220;#6B6B6B&#8220; header_2_font_size=&#8220;21px&#8220; header_2_line_height=&#8220;1.4em&#8220;]<\/p>\n<h2>Wollen Sie Ihr Unternehmen mit \u201ckapwa\u201d nach vorne bringen?<\/h2[\/et_pb_text][\/et_pb_column][et_pb_column type=\"1_2\" _builder_version=\"4.3.2\"][et_pb_text _builder_version=\"4.3.4\" text_line_height=\"1.66em\"]<span style=\"font-weight: 400;\">Wir sind sehr dankbar daf\u00fcr und auch ein bisschen stolz dar\u00fcber sagen zu k\u00f6nnen, dass die meisten unserer Kunden eine langfristige Partnerschaft mit uns eingehen. Nur wenn Sie erfolgreich sind, k\u00f6nnen auch wir erfolgreich sein! Daher k\u00f6nnen Sie sich sicher sein, dass das ganze Team von Kapwa Marketing als daf\u00fcr tun wird, damit Ihre Ziele erreicht werden.<\/span>[\/et_pb_text][\/et_pb_column][\/et_pb_row][\/et_pb_section][et_pb_section fb_built=&#8220;1&#8243; _builder_version=&#8220;4.3.2&#8243; custom_padding=&#8220;3em||5em||false|false&#8220;][et_pb_row custom_padding_last_edited=&#8220;on|tablet&#8220; _builder_version=&#8220;4.3.2&#8243; background_color=&#8220;#f2f2f2&#8243; custom_padding=&#8220;48px|48px|48px|48px|true|true&#8220; custom_padding_tablet=&#8220;5%|5%|5%|5%|true|true&#8220; custom_padding_phone=&#8220;&#8220; box_shadow_style=&#8220;preset3&#8243; box_shadow_blur=&#8220;41px&#8220;][et_pb_column type=&#8220;4_4&#8243; _builder_version=&#8220;4.3.2&#8243;][et_pb_text _builder_version=&#8220;4.7.7&#8243; header_2_font=&#8220;|600|||||||&#8220; header_2_line_height=&#8220;1.2em&#8220; custom_margin=&#8220;||14px||false|false&#8220; custom_padding=&#8220;||||false|false&#8220;]<\/p>\n<h2>Ein paar weitere Fakten \u00fcber Kapwa Marketing<\/h2>\n<p>[\/et_pb_text][et_pb_text disabled_on=&#8220;off|off|off&#8220; _builder_version=&#8220;4.7.7&#8243; hover_enabled=&#8220;0&#8243; sticky_enabled=&#8220;0&#8243;]<\/p>\n<div class=\"row row-1-1\">\n<div class=\"col\">\n<div class=\"list\">\n<div>\n<span class=\"icon\"><\/span><br \/>\n<span class=\"info\">Unsere Expertise geht zur\u00fcck ins letzte Jahrtausend, genauer ins Jahr 1998, als John seinen ersten HTML-Kurs im freiwilligen Nachmittagsunterricht an der Schule absolviert hat <\/span><\/div>\n<div>\n<span class=\"icon\"><\/span><br \/>\n<span class=\"info\">Mel besch\u00e4ftigt sich seit 2009 intensiv mit Google Ads und war auch schon bei Google in Dublin, um noch mehr Expertise direkt vor Ort aufzubauen<\/span><\/div>\n<div>\n<span class=\"icon\"><\/span><br \/>\n<span class=\"info\">Wir haben starke deutsch-philippinische Wurzeln, betreuen aber nicht nur vorwiegend Kunden aus dem D-A-CH-Raum, sondern aus der ganzen Welt<\/span><\/div>\n<div>\n<span class=\"icon\"><\/span><br \/>\n<span class=\"info\">Mit Kapwa Travel haben wir eine Schwesterfirma, die als \u201ctour company\u201d voll akkreditiert ist und als angesehener Spezialreiseveranstalter f\u00fcr die Philippinen wahrgenommen wird<\/span><\/div>\n<div>\n<span class=\"icon\"><\/span><br \/>\n<span class=\"info\">Kapwa Marketing wurde im Juni 2017 gegr\u00fcndet, kurz nachdem der philippinische Tourismus aufgrund der Vorf\u00e4lle auf Bohol und in Marawi mal wieder in eine Krise gest\u00fcrzt war<\/span><\/div>\n<\/div>\n<\/div>\n<div class=\"col\">\n<div class=\"list\">\n<div>\n<span class=\"icon\"><\/span><br \/>\n<span class=\"info\">John und Mel haben 2008 bei derselben Online Marketing Agentur in M\u00fcnchen, ihrer Geburtsstadt, gestartet<\/span><\/div>\n<div>\n<span class=\"icon\"><\/span><br \/>\n<span class=\"info\">Kapwa Marketing ist mit eigenen B\u00fcros nicht nur in Cebu auf den Philippinen vertreten, sondern auch in Bayern, Deutschland<\/span><\/div>\n<div>\n<span class=\"icon\"><\/span><br \/>\n<span class=\"info\">Wir sind ein zertifizierter Google-Partner und besch\u00e4ftigen uns seit \u00fcber 12 Jahren intensiv mit der Funktionsweise von Suchmaschinen wie Google, Bing &amp; Co.<\/span><\/div>\n<div>\n<span class=\"icon\"><\/span><br \/>\n<span class=\"info\">Kapwa Marketing arbeitet seit einigen Jahren mit dem Klinikum rechts der Isar (MRI) zusammen im Bereich der Krebsforschung mithilfe von Suchmaschinenanalysen<\/span><\/div>\n<div>\n<span class=\"icon\"><\/span><br \/>\n<span class=\"info\">Die Mitarbeiter bei Kapwa Marketing geben auch Workshops und lehren in Gastvortr\u00e4gen wie z.B. an der Technischen Universit\u00e4t M\u00fcnchen (TUM)<\/span><\/div>\n<\/div>\n<\/div>\n<\/div>\n<p>[\/et_pb_text][\/et_pb_column][\/et_pb_row][\/et_pb_section]<\/p>\n","protected":false},"excerpt":{"rendered":"<p>\u00dcber Uns Finden Sie mehr \u00fcber das Team hinter Kapwa Marketing herausWir sind ein wilder Haufen leidenschaftlicher Webentwickler \/ Programmierer, Webdesigner, SEOs, Google Ads Experten, Content Marketer, Online-Strategen &amp; Berater, die stets hinzulernen und im Sinne von &#8222;kapwa&#8220; wachsen wollen. Wir interpretieren das philippinische Wort \u201ckapwa\u201d dabei sehr modern und aktiv. Wir sehen nicht nur [&hellip;]<\/p>\n","protected":false},"author":1,"featured_media":0,"parent":0,"menu_order":0,"comment_status":"closed","ping_status":"closed","template":"","meta":{"_et_pb_use_builder":"on","_et_pb_old_content":"","_et_gb_content_width":"","footnotes":""},"class_list":["post-3243","page","type-page","status-publish","hentry"],"_links":{"self":[{"href":"https:\/\/kapwamarketing.com\/de\/wp-json\/wp\/v2\/pages\/3243","targetHints":{"allow":["GET"]}}],"collection":[{"href":"https:\/\/kapwamarketing.com\/de\/wp-json\/wp\/v2\/pages"}],"about":[{"href":"https:\/\/kapwamarketing.com\/de\/wp-json\/wp\/v2\/types\/page"}],"author":[{"embeddable":true,"href":"https:\/\/kapwamarketing.com\/de\/wp-json\/wp\/v2\/users\/1"}],"replies":[{"embeddable":true,"href":"https:\/\/kapwamarketing.com\/de\/wp-json\/wp\/v2\/comments?post=3243"}],"version-history":[{"count":4,"href":"https:\/\/kapwamarketing.com\/de\/wp-json\/wp\/v2\/pages\/3243\/revisions"}],"predecessor-version":[{"id":4132,"href":"https:\/\/kapwamarketing.com\/de\/wp-json\/wp\/v2\/pages\/3243\/revisions\/4132"}],"wp:attachment":[{"href":"https:\/\/kapwamarketing.com\/de\/wp-json\/wp\/v2\/media?parent=3243"}],"curies":[{"name":"wp","href":"https:\/\/api.w.org\/{rel}","templated":true}]}}