{"id":269,"date":"2018-08-07T01:41:14","date_gmt":"2018-08-07T01:41:14","guid":{"rendered":"http:\/\/new.kapwamarketing.com\/seo-training\/"},"modified":"2021-01-18T17:55:12","modified_gmt":"2021-01-18T17:55:12","slug":"seo-training","status":"publish","type":"page","link":"https:\/\/kapwamarketing.com\/de\/seo-training\/","title":{"rendered":"SEO Training"},"content":{"rendered":"<p>[et_pb_section fb_built=&#8220;1&#8243; admin_label=&#8220;section&#8220; _builder_version=&#8220;3.22&#8243;][et_pb_row admin_label=&#8220;row&#8220; _builder_version=&#8220;3.25&#8243; background_size=&#8220;initial&#8220; background_position=&#8220;top_left&#8220; background_repeat=&#8220;repeat&#8220;][et_pb_column type=&#8220;4_4&#8243; _builder_version=&#8220;3.25&#8243; custom_padding=&#8220;|||&#8220; custom_padding__hover=&#8220;|||&#8220;][et_pb_text _builder_version=&#8220;4.7.7&#8243; background_size=&#8220;initial&#8220; background_position=&#8220;top_left&#8220; background_repeat=&#8220;repeat&#8220; min_height=&#8220;165px&#8220; custom_padding=&#8220;||0px|||&#8220; hover_enabled=&#8220;0&#8243; use_border_color=&#8220;off&#8220; sticky_enabled=&#8220;0&#8243;]<\/p>\n<h1>SEO Training<\/h1>\n<p>Wir bieten seit einigen Jahren privates und \u00f6ffentliches SEO Training f\u00fcr Freelancer, Inhouse-SEOs und andere Profis an, die in der Online Marketing Branche arbeiten. Wir passen unser Trainingsprogramm und unsere Workshops f\u00fcr unsere Studenten an und decken in der Regel Onsite-SEO, technische SEO und Offpage-SEO \/ Offsite-SEO ab.<\/p>\n<p>Dabei k\u00f6nnen wir das SEO Training sowohl online \u00fcber Skype, Zoom oder \u00e4hnliche Softwares durchf\u00fchren oder auch on-site vor Ort im Raum Cebu oder auch rund um M\u00fcnchen. F\u00fcr das Eigenstudium haben wir einen eigenen <a href=\"https:\/\/www.youtube.com\/channel\/UCqnFG7ebbcarA2C04HVmijw\/\" target=\"_blank\" rel=\"noopener noreferrer\">Youtube-Channel<\/a> ins virtuelle Leben gerufen, auf welchem wir seit Oktober 2020 jede Woche mindestens ein Video ver\u00f6ffentlichen. Abonniere unseren Kanal und trage Dich unbedingt f\u00fcr <a rel=\"nofollow noopener\" href=\"https:\/\/seu.cleverreach.com\/f\/15507-153177\/\" target=\"_blank\">unseren Newsletter<\/a>, um exklusiven Content zu erhalten.[\/et_pb_text][et_pb_video src=&#8220;https:\/\/youtu.be\/fG1QqoRYoJc&#8220; _builder_version=&#8220;4.7.7&#8243; _module_preset=&#8220;default&#8220;][\/et_pb_video][et_pb_text _builder_version=&#8220;4.7.7&#8243; _module_preset=&#8220;default&#8220;]<\/p>\n<p>Wenn Sie in S\u00fcddeutschland ans\u00e4ssig sind, k\u00f6nnen wir in Ihren B\u00fcror\u00e4umen gerne einen Workshop bzw. personalisiertes SEO-Training anbieten. Wir halten zudem auch Vortr\u00e4ge, die \u00f6ffentlich zug\u00e4nglich sind wie z.B. in der TU M\u00fcnchen \/ im Klinikum rechts der Isar. In Deutschland kann man ein ma\u00dfgeschneidertes Training derzeit f\u00fcr ein Honorar von 125 Euro \/ Stunde (zzgl. MwSt.) buchen bei mind. vier Stunden, zzgl. einer individuellen Reisepauschale. Ein digitales SEO-Training k\u00f6nnen wir ab 100 Euro \/ Stunde (zzgl. MwSt.) anbieten.<\/p>\n<p>Auf den Philippinen k\u00f6nnen wir Sie entweder in unseren eigenen B\u00fcror\u00e4umen unterbringen, sind aber auch gerne in Ihrem B\u00fcro, entweder in Cebu, in anderen Teilen der Visayas oder sogar in Manila t\u00e4tig. Die Preise f\u00fcr unser SEO-Training richten sich nach Dauer und Inhalt. Je technischer und komplexer das Thema ist, desto h\u00f6her ist die Rate. So k\u00f6nnen wir ein halbt\u00e4giges Advanced SEO Training (4 Stunden) mit einer Rate von 10000 PHP f\u00fcr 1-2 Teilnehmer (5000 PHP pro Teilnehmer) oder 16000 PHP f\u00fcr 3-4 Teilnehmer (4000 PHP pro Teilnehmer) anbieten. Preise f\u00fcr gr\u00f6\u00dfere Inhouse-SEO Teams gibt es gerne auf Anfrage.<\/p>\n<p>Gerne machen wir Ihnen auch ein individuelles Angebot f\u00fcr einen l\u00e4ngeren Workshop, der an zwei Tagen \u00e0 4 Stunden stattfindet.<\/p>\n<p><strong>Lesen Sie hier eine unserer letzten Bewertungen:<\/strong><\/p>\n<blockquote>\n<p>Ich empfehle das SEO Training von John Rueth \/ Kapwa Marketing. John passt Ihr Training an Ihr SEO-Wissen an. Er antwortet geduldig auf Fragen und freut sich, seine Ressourcen zu teilen. Er ist auch bereit, Studenten an Sonn- und Feiertagen weiterzuhelfen. Danke John!<\/p>\n<\/blockquote>\n<p><em>Richelle Louisa<\/em><\/p>\n<p>Wir verwenden mehrere professionelle SEO-Softwares und Werkzeuge in unseren Workshops und k\u00f6nnen Ihnen wertvolle Einblicke geben in<\/p>\n<p>&#8211; Screaming Frog SEO Spider<br \/> &#8211; Majestic<br \/> &#8211; Ahrefs<br \/> &#8211; Sistrix<br \/> &#8211; MOZ<br \/> &#8211; Google Analytics \/ Search Console<br \/> &#8211; und viele weitere Tools.<\/p>\n<p>Wir stellen auch gerne ein\u00a0<a href=\"https:\/\/kapwamarketing.com\/wp-content\/uploads\/2017\/08\/SEO-training-certificate.pdf\" target=\"_blank\" rel=\"noopener\">SEO-Schulungszertifikat<\/a>\u00a0aus. Wenn Sie daran interessiert sind, ein SEO-Experte zu werden oder Fragen zu den neuesten SEO-Trends haben, schreiben Sie uns eine E-Mail an kapwamarketing@gmail.com. Wir freuen uns auf Sie!<\/p>\n<p>[\/et_pb_text][\/et_pb_column][\/et_pb_row][\/et_pb_section]<\/p>\n","protected":false},"excerpt":{"rendered":"<p>SEO Training Wir bieten seit einigen Jahren privates und \u00f6ffentliches SEO Training f\u00fcr Freelancer, Inhouse-SEOs und andere Profis an, die in der Online Marketing Branche arbeiten. Wir passen unser Trainingsprogramm und unsere Workshops f\u00fcr unsere Studenten an und decken in der Regel Onsite-SEO, technische SEO und Offpage-SEO \/ Offsite-SEO ab. Dabei k\u00f6nnen wir das SEO [&hellip;]<\/p>\n","protected":false},"author":1,"featured_media":0,"parent":0,"menu_order":0,"comment_status":"closed","ping_status":"closed","template":"","meta":{"_et_pb_use_builder":"on","_et_pb_old_content":"We offer private & public SEO training for freelancers, inhouse-SEOs and other professionals who work in the online marketing industry. We customize our training programme and workshops for our students, and we usually cover onsite-SEO, technical SEO and offpage-SEO \/ offsite-SEO. \r\n\r\nPlease find our current <a href=\"https:\/\/docs.google.com\/spreadsheets\/d\/1tHJykBqvUMtcHuURACUvmqEy5wNInsWwWpxZkQmODOg\/edit#gid=0\" rel=\"noopener\" target=\"_blank\">SEO training schedule<\/a> and <a href=\"https:\/\/docs.google.com\/spreadsheets\/d\/1tHJykBqvUMtcHuURACUvmqEy5wNInsWwWpxZkQmODOg\/edit#gid=165697551\" rel=\"noopener\" target=\"_blank\">fees<\/a> on <a href=\"https:\/\/docs.google.com\/spreadsheets\/d\/1tHJykBqvUMtcHuURACUvmqEy5wNInsWwWpxZkQmODOg\/edit#gid=0\" rel=\"noopener\" target=\"_blank\">Google Spreadsheets<\/a>. You can best register via e-mail to kapwamarketing[at]gmail.com or our <a href=\"\/contact-us\/\">contact form<\/a>.\r\n\r\nWe can either accommodate you in our own office space but are also happy to visit you in your office, either in Cebu, in other parts of the Visayas or even in Manila. The rates for our SEO training depend on the duration and the contents. The more technical and complex the topic, the higher will be the rate. As of now, we can offer a half day advanced SEO training session (4 hours) at a rate of 10000 PHP for 1-2 participants (5000 PHP per participant) or 16000 PHP for 3-4 participants (4000 PHP per participant). Rates for bigger inhouse-SEO teams on request.\r\n\r\nWe are also happy to make you an invividual offer for a longer workshop that will be held on two days of 4 hours each.\r\n\r\n<strong>Read here one of our recent reviews:<\/strong>\r\n<blockquote>I highly recommend John Rueth\/Kapwa Marketing's SEO training. John customizes your training depending on your level of SEO knowledge. He patiently replies to questions and is happy to share his reading resources. He is also willing to accommodate students even on Sundays and public holidays. Thanks John!<\/blockquote> <em>Richelle Louisa<\/em>\r\n\r\nWe use several professional SEO softwares & tools in our workshops and can give you valuable insights around\r\n\r\n- Screaming Frog SEO Spider\r\n- Majestic\r\n- Ahrefs\r\n- Sistrix\r\n- MOZ\r\n- Google Analytics \/ Search Console\r\n- and many more.\r\n\r\nWe will also issue an official & personalized <a href=\"https:\/\/kapwamarketing.com\/wp-content\/uploads\/2017\/08\/SEO-training-certificate.pdf\" target=\"_blank\">SEO training certificate<\/a>. If you are interested in becoming a well-rounded SEO expert or you have questions regarding the latest SEO trends, then write us an email at kapwamarketing[at]gmail.com. We are always happy to help you become a better and more successful professional.","_et_gb_content_width":"","footnotes":""},"class_list":["post-269","page","type-page","status-publish","hentry"],"_links":{"self":[{"href":"https:\/\/kapwamarketing.com\/de\/wp-json\/wp\/v2\/pages\/269","targetHints":{"allow":["GET"]}}],"collection":[{"href":"https:\/\/kapwamarketing.com\/de\/wp-json\/wp\/v2\/pages"}],"about":[{"href":"https:\/\/kapwamarketing.com\/de\/wp-json\/wp\/v2\/types\/page"}],"author":[{"embeddable":true,"href":"https:\/\/kapwamarketing.com\/de\/wp-json\/wp\/v2\/users\/1"}],"replies":[{"embeddable":true,"href":"https:\/\/kapwamarketing.com\/de\/wp-json\/wp\/v2\/comments?post=269"}],"version-history":[{"count":10,"href":"https:\/\/kapwamarketing.com\/de\/wp-json\/wp\/v2\/pages\/269\/revisions"}],"predecessor-version":[{"id":4137,"href":"https:\/\/kapwamarketing.com\/de\/wp-json\/wp\/v2\/pages\/269\/revisions\/4137"}],"wp:attachment":[{"href":"https:\/\/kapwamarketing.com\/de\/wp-json\/wp\/v2\/media?parent=269"}],"curies":[{"name":"wp","href":"https:\/\/api.w.org\/{rel}","templated":true}]}}